{"id":26141,"date":"2021-02-04T08:42:26","date_gmt":"2021-02-04T07:42:26","guid":{"rendered":"https:\/\/www.caa.cz\/?page_id=26141"},"modified":"2021-02-04T07:45:51","modified_gmt":"2021-02-04T06:45:51","slug":"exemption-for-air-carriers","status":"publish","type":"page","link":"https:\/\/www.caa.gov.cz\/en\/exemption-for-air-carriers\/","title":{"rendered":"Exemption for Air Carriers"},"content":{"rendered":"\n<p>In accordance with <strong>point<\/strong> <strong>6.8.2 of COMMISSION DECISION (EU) K (2015) 8005<\/strong> the Air Cargo Carrier from the third country is requested to fill in the attached document. This document have to deliver to the Civil Aviation Authority of the Czech Republic by the email podatelna@caa.cz or via post on address \u00da\u0159ad pro civiln\u00ed letectv\u00ed, K leti\u0161ti 1149\/23, 160 08 Praha 6<br><br><a href=\"https:\/\/www.caa.gov.cz\/wp-content\/uploads\/2023\/04\/Request-for-the-ACC3-status-exemption-2022-1.pdf?cb=7e1bd81d2ef0e5b88df84988453fb841\" class=\"mtli_attachment mtli_pdf\"aria-label=\"File type: pdf, File size: 63913kB\"title=\"File type: pdf, File size: 63913kB\" rel=\"mtli_filesize63913kB\">validation document<\/a><\/p>\n","protected":false},"excerpt":{"rendered":"<p>In accordance with point 6.8.2 of COMMISSION DECISION (EU) K (2015) 8005 the Air Cargo Carrier from the third country is requested to fill in the attached document. This document have to deliver to the Civil Aviation Authority of the Czech Republic by the email podatelna@caa.cz or via post on address \u00da\u0159ad pro civiln\u00ed letectv\u00ed, [&hellip;]<\/p>\n","protected":false},"author":101,"featured_media":0,"parent":0,"menu_order":0,"comment_status":"closed","ping_status":"closed","template":"","meta":{"_acf_changed":false,"_oasis_is_in_workflow":0,"_oasis_original":0,"_oasis_task_priority":"2normal","footnotes":""},"class_list":["post-26141","page","type-page","status-publish","hentry"],"acf":[],"yoast_head":"<!-- This site is optimized with the Yoast SEO plugin v27.5 - https:\/\/yoast.com\/product\/yoast-seo-wordpress\/ -->\n<title>Exemption for Air Carriers - Civil Aviation Authority of the Czech Republic<\/title>\n<meta name=\"robots\" content=\"index, follow, max-snippet:-1, max-image-preview:large, max-video-preview:-1\" \/>\n<link rel=\"canonical\" href=\"https:\/\/www.caa.gov.cz\/en\/exemption-for-air-carriers\/\" \/>\n<meta property=\"og:locale\" content=\"en_US\" \/>\n<meta property=\"og:type\" content=\"article\" \/>\n<meta property=\"og:title\" content=\"Exemption for Air Carriers - Civil Aviation Authority of the Czech Republic\" \/>\n<meta property=\"og:description\" content=\"In accordance with point 6.8.2 of COMMISSION DECISION (EU) K (2015) 8005 the Air Cargo Carrier from the third country is requested to fill in the attached document. This document have to deliver to the Civil Aviation Authority of the Czech Republic by the email podatelna@caa.cz or via post on address \u00da\u0159ad pro civiln\u00ed letectv\u00ed, [&hellip;]\" \/>\n<meta property=\"og:url\" content=\"https:\/\/www.caa.gov.cz\/en\/exemption-for-air-carriers\/\" \/>\n<meta property=\"og:site_name\" content=\"Civil Aviation Authority of the Czech Republic\" \/>\n<meta name=\"twitter:card\" content=\"summary_large_image\" \/>\n<meta name=\"twitter:label1\" content=\"Est. reading time\" \/>\n\t<meta name=\"twitter:data1\" content=\"1 minute\" \/>\n<script type=\"application\/ld+json\" class=\"yoast-schema-graph\">{\"@context\":\"https:\\\/\\\/schema.org\",\"@graph\":[{\"@type\":\"WebPage\",\"@id\":\"https:\\\/\\\/www.caa.gov.cz\\\/en\\\/exemption-for-air-carriers\\\/\",\"url\":\"https:\\\/\\\/www.caa.gov.cz\\\/en\\\/exemption-for-air-carriers\\\/\",\"name\":\"Exemption for Air Carriers - Civil Aviation Authority of the Czech Republic\",\"isPartOf\":{\"@id\":\"https:\\\/\\\/www.caa.gov.cz\\\/#website\"},\"datePublished\":\"2021-02-04T07:42:26+00:00\",\"breadcrumb\":{\"@id\":\"https:\\\/\\\/www.caa.gov.cz\\\/en\\\/exemption-for-air-carriers\\\/#breadcrumb\"},\"inLanguage\":\"en-US\",\"potentialAction\":[{\"@type\":\"ReadAction\",\"target\":[\"https:\\\/\\\/www.caa.gov.cz\\\/en\\\/exemption-for-air-carriers\\\/\"]}]},{\"@type\":\"BreadcrumbList\",\"@id\":\"https:\\\/\\\/www.caa.gov.cz\\\/en\\\/exemption-for-air-carriers\\\/#breadcrumb\",\"itemListElement\":[{\"@type\":\"ListItem\",\"position\":1,\"name\":\"Dom\u016f\",\"item\":\"https:\\\/\\\/www.caa.gov.cz\\\/en\\\/\"},{\"@type\":\"ListItem\",\"position\":2,\"name\":\"Exemption for Air Carriers\"}]},{\"@type\":\"WebSite\",\"@id\":\"https:\\\/\\\/www.caa.gov.cz\\\/#website\",\"url\":\"https:\\\/\\\/www.caa.gov.cz\\\/\",\"name\":\"Civil Aviation Authority of the Czech Republic\",\"description\":\"\",\"potentialAction\":[{\"@type\":\"SearchAction\",\"target\":{\"@type\":\"EntryPoint\",\"urlTemplate\":\"https:\\\/\\\/www.caa.gov.cz\\\/?s={search_term_string}\"},\"query-input\":{\"@type\":\"PropertyValueSpecification\",\"valueRequired\":true,\"valueName\":\"search_term_string\"}}],\"inLanguage\":\"en-US\"}]}<\/script>\n<!-- \/ Yoast SEO plugin. -->","yoast_head_json":{"title":"Exemption for Air Carriers - Civil Aviation Authority of the Czech Republic","robots":{"index":"index","follow":"follow","max-snippet":"max-snippet:-1","max-image-preview":"max-image-preview:large","max-video-preview":"max-video-preview:-1"},"canonical":"https:\/\/www.caa.gov.cz\/en\/exemption-for-air-carriers\/","og_locale":"en_US","og_type":"article","og_title":"Exemption for Air Carriers - Civil Aviation Authority of the Czech Republic","og_description":"In accordance with point 6.8.2 of COMMISSION DECISION (EU) K (2015) 8005 the Air Cargo Carrier from the third country is requested to fill in the attached document. This document have to deliver to the Civil Aviation Authority of the Czech Republic by the email podatelna@caa.cz or via post on address \u00da\u0159ad pro civiln\u00ed letectv\u00ed, [&hellip;]","og_url":"https:\/\/www.caa.gov.cz\/en\/exemption-for-air-carriers\/","og_site_name":"Civil Aviation Authority of the Czech Republic","twitter_card":"summary_large_image","twitter_misc":{"Est. reading time":"1 minute"},"schema":{"@context":"https:\/\/schema.org","@graph":[{"@type":"WebPage","@id":"https:\/\/www.caa.gov.cz\/en\/exemption-for-air-carriers\/","url":"https:\/\/www.caa.gov.cz\/en\/exemption-for-air-carriers\/","name":"Exemption for Air Carriers - Civil Aviation Authority of the Czech Republic","isPartOf":{"@id":"https:\/\/www.caa.gov.cz\/#website"},"datePublished":"2021-02-04T07:42:26+00:00","breadcrumb":{"@id":"https:\/\/www.caa.gov.cz\/en\/exemption-for-air-carriers\/#breadcrumb"},"inLanguage":"en-US","potentialAction":[{"@type":"ReadAction","target":["https:\/\/www.caa.gov.cz\/en\/exemption-for-air-carriers\/"]}]},{"@type":"BreadcrumbList","@id":"https:\/\/www.caa.gov.cz\/en\/exemption-for-air-carriers\/#breadcrumb","itemListElement":[{"@type":"ListItem","position":1,"name":"Dom\u016f","item":"https:\/\/www.caa.gov.cz\/en\/"},{"@type":"ListItem","position":2,"name":"Exemption for Air Carriers"}]},{"@type":"WebSite","@id":"https:\/\/www.caa.gov.cz\/#website","url":"https:\/\/www.caa.gov.cz\/","name":"Civil Aviation Authority of the Czech Republic","description":"","potentialAction":[{"@type":"SearchAction","target":{"@type":"EntryPoint","urlTemplate":"https:\/\/www.caa.gov.cz\/?s={search_term_string}"},"query-input":{"@type":"PropertyValueSpecification","valueRequired":true,"valueName":"search_term_string"}}],"inLanguage":"en-US"}]}},"publishpress_future_action":{"enabled":false,"date":"2026-05-14 11:22:26","action":"change-status","newStatus":"draft","terms":[],"taxonomy":"translation_priority","extraData":[]},"publishpress_future_workflow_manual_trigger":{"enabledWorkflows":[]},"_links":{"self":[{"href":"https:\/\/www.caa.gov.cz\/en\/wp-json\/wp\/v2\/pages\/26141","targetHints":{"allow":["GET"]}}],"collection":[{"href":"https:\/\/www.caa.gov.cz\/en\/wp-json\/wp\/v2\/pages"}],"about":[{"href":"https:\/\/www.caa.gov.cz\/en\/wp-json\/wp\/v2\/types\/page"}],"author":[{"embeddable":true,"href":"https:\/\/www.caa.gov.cz\/en\/wp-json\/wp\/v2\/users\/101"}],"replies":[{"embeddable":true,"href":"https:\/\/www.caa.gov.cz\/en\/wp-json\/wp\/v2\/comments?post=26141"}],"version-history":[{"count":1,"href":"https:\/\/www.caa.gov.cz\/en\/wp-json\/wp\/v2\/pages\/26141\/revisions"}],"predecessor-version":[{"id":26144,"href":"https:\/\/www.caa.gov.cz\/en\/wp-json\/wp\/v2\/pages\/26141\/revisions\/26144"}],"wp:attachment":[{"href":"https:\/\/www.caa.gov.cz\/en\/wp-json\/wp\/v2\/media?parent=26141"}],"curies":[{"name":"wp","href":"https:\/\/api.w.org\/{rel}","templated":true}]}}