{"id":24968,"date":"2021-01-04T14:20:34","date_gmt":"2021-01-04T13:20:34","guid":{"rendered":"https:\/\/www.caa.cz\/?page_id=24968"},"modified":"2021-01-28T08:32:28","modified_gmt":"2021-01-28T07:32:28","slug":"aviation-personnel-engineers","status":"publish","type":"page","link":"https:\/\/www.caa.gov.cz\/en\/aviation-personnel-engineers\/","title":{"rendered":"Aviation Personnel \/ Engineers"},"content":{"rendered":"\n<h2 class=\"wp-block-heading\">Contact person<\/h2>\n\n\n\n<p>For information in this area, please contact the competent person.<\/p>\n\n\n\n<figure class=\"wp-block-table\"><div class=\"table-responsive\"><table><tbody><tr><th>Name<\/th><th>Telephone<\/th><th>E-mail<\/th><\/tr><tr><td>Mark\u00e9ta Hl\u016f\u017eov\u00e1<\/td><td>+ 420 225 421 719<\/td><td><a href=\"https:\/\/www.caa.gov.cz\/zpusobilost-leteckeho-personalu\/hluzova@caa.cz\">hluzova@caa.cz<\/a><\/td><\/tr><\/tbody><\/table><\/div><\/figure>\n\n\n\t\t\t\n","protected":false},"excerpt":{"rendered":"<p>Contact person For information in this area, please contact the competent person. Name Telephone E-mail Mark\u00e9ta Hl\u016f\u017eov\u00e1 + 420 225 421 719 hluzova@caa.cz<\/p>\n","protected":false},"author":24,"featured_media":0,"parent":0,"menu_order":0,"comment_status":"closed","ping_status":"closed","template":"","meta":{"_acf_changed":false,"_oasis_is_in_workflow":0,"_oasis_original":0,"_oasis_task_priority":"2normal","footnotes":""},"class_list":["post-24968","page","type-page","status-publish","hentry"],"acf":[],"yoast_head":"<!-- This site is optimized with the Yoast SEO plugin v27.5 - https:\/\/yoast.com\/product\/yoast-seo-wordpress\/ -->\n<title>Aviation Personnel \/ Engineers - Civil Aviation Authority of the Czech Republic<\/title>\n<meta name=\"robots\" content=\"index, follow, max-snippet:-1, max-image-preview:large, max-video-preview:-1\" \/>\n<link rel=\"canonical\" href=\"https:\/\/www.caa.gov.cz\/en\/aviation-personnel-engineers\/\" \/>\n<meta property=\"og:locale\" content=\"en_US\" \/>\n<meta property=\"og:type\" content=\"article\" \/>\n<meta property=\"og:title\" content=\"Aviation Personnel \/ Engineers - Civil Aviation Authority of the Czech Republic\" \/>\n<meta property=\"og:description\" content=\"Contact person For information in this area, please contact the competent person. Name Telephone E-mail Mark\u00e9ta Hl\u016f\u017eov\u00e1 + 420 225 421 719 hluzova@caa.cz\" \/>\n<meta property=\"og:url\" content=\"https:\/\/www.caa.gov.cz\/en\/aviation-personnel-engineers\/\" \/>\n<meta property=\"og:site_name\" content=\"Civil Aviation Authority of the Czech Republic\" \/>\n<meta property=\"article:modified_time\" content=\"2021-01-28T07:32:28+00:00\" \/>\n<meta name=\"twitter:card\" content=\"summary_large_image\" \/>\n<meta name=\"twitter:label1\" content=\"Est. reading time\" \/>\n\t<meta name=\"twitter:data1\" content=\"1 minute\" \/>\n<script type=\"application\/ld+json\" class=\"yoast-schema-graph\">{\"@context\":\"https:\\\/\\\/schema.org\",\"@graph\":[{\"@type\":\"WebPage\",\"@id\":\"https:\\\/\\\/www.caa.gov.cz\\\/en\\\/aviation-personnel-engineers\\\/\",\"url\":\"https:\\\/\\\/www.caa.gov.cz\\\/en\\\/aviation-personnel-engineers\\\/\",\"name\":\"Aviation Personnel \\\/ Engineers - Civil Aviation Authority of the Czech Republic\",\"isPartOf\":{\"@id\":\"https:\\\/\\\/www.caa.gov.cz\\\/#website\"},\"datePublished\":\"2021-01-04T13:20:34+00:00\",\"dateModified\":\"2021-01-28T07:32:28+00:00\",\"breadcrumb\":{\"@id\":\"https:\\\/\\\/www.caa.gov.cz\\\/en\\\/aviation-personnel-engineers\\\/#breadcrumb\"},\"inLanguage\":\"en-US\",\"potentialAction\":[{\"@type\":\"ReadAction\",\"target\":[\"https:\\\/\\\/www.caa.gov.cz\\\/en\\\/aviation-personnel-engineers\\\/\"]}]},{\"@type\":\"BreadcrumbList\",\"@id\":\"https:\\\/\\\/www.caa.gov.cz\\\/en\\\/aviation-personnel-engineers\\\/#breadcrumb\",\"itemListElement\":[{\"@type\":\"ListItem\",\"position\":1,\"name\":\"Dom\u016f\",\"item\":\"https:\\\/\\\/www.caa.gov.cz\\\/en\\\/\"},{\"@type\":\"ListItem\",\"position\":2,\"name\":\"Aviation Personnel \\\/ Engineers\"}]},{\"@type\":\"WebSite\",\"@id\":\"https:\\\/\\\/www.caa.gov.cz\\\/#website\",\"url\":\"https:\\\/\\\/www.caa.gov.cz\\\/\",\"name\":\"Civil Aviation Authority of the Czech Republic\",\"description\":\"\",\"potentialAction\":[{\"@type\":\"SearchAction\",\"target\":{\"@type\":\"EntryPoint\",\"urlTemplate\":\"https:\\\/\\\/www.caa.gov.cz\\\/?s={search_term_string}\"},\"query-input\":{\"@type\":\"PropertyValueSpecification\",\"valueRequired\":true,\"valueName\":\"search_term_string\"}}],\"inLanguage\":\"en-US\"}]}<\/script>\n<!-- \/ Yoast SEO plugin. -->","yoast_head_json":{"title":"Aviation Personnel \/ Engineers - Civil Aviation Authority of the Czech Republic","robots":{"index":"index","follow":"follow","max-snippet":"max-snippet:-1","max-image-preview":"max-image-preview:large","max-video-preview":"max-video-preview:-1"},"canonical":"https:\/\/www.caa.gov.cz\/en\/aviation-personnel-engineers\/","og_locale":"en_US","og_type":"article","og_title":"Aviation Personnel \/ Engineers - Civil Aviation Authority of the Czech Republic","og_description":"Contact person For information in this area, please contact the competent person. Name Telephone E-mail Mark\u00e9ta Hl\u016f\u017eov\u00e1 + 420 225 421 719 hluzova@caa.cz","og_url":"https:\/\/www.caa.gov.cz\/en\/aviation-personnel-engineers\/","og_site_name":"Civil Aviation Authority of the Czech Republic","article_modified_time":"2021-01-28T07:32:28+00:00","twitter_card":"summary_large_image","twitter_misc":{"Est. reading time":"1 minute"},"schema":{"@context":"https:\/\/schema.org","@graph":[{"@type":"WebPage","@id":"https:\/\/www.caa.gov.cz\/en\/aviation-personnel-engineers\/","url":"https:\/\/www.caa.gov.cz\/en\/aviation-personnel-engineers\/","name":"Aviation Personnel \/ Engineers - Civil Aviation Authority of the Czech Republic","isPartOf":{"@id":"https:\/\/www.caa.gov.cz\/#website"},"datePublished":"2021-01-04T13:20:34+00:00","dateModified":"2021-01-28T07:32:28+00:00","breadcrumb":{"@id":"https:\/\/www.caa.gov.cz\/en\/aviation-personnel-engineers\/#breadcrumb"},"inLanguage":"en-US","potentialAction":[{"@type":"ReadAction","target":["https:\/\/www.caa.gov.cz\/en\/aviation-personnel-engineers\/"]}]},{"@type":"BreadcrumbList","@id":"https:\/\/www.caa.gov.cz\/en\/aviation-personnel-engineers\/#breadcrumb","itemListElement":[{"@type":"ListItem","position":1,"name":"Dom\u016f","item":"https:\/\/www.caa.gov.cz\/en\/"},{"@type":"ListItem","position":2,"name":"Aviation Personnel \/ Engineers"}]},{"@type":"WebSite","@id":"https:\/\/www.caa.gov.cz\/#website","url":"https:\/\/www.caa.gov.cz\/","name":"Civil Aviation Authority of the Czech Republic","description":"","potentialAction":[{"@type":"SearchAction","target":{"@type":"EntryPoint","urlTemplate":"https:\/\/www.caa.gov.cz\/?s={search_term_string}"},"query-input":{"@type":"PropertyValueSpecification","valueRequired":true,"valueName":"search_term_string"}}],"inLanguage":"en-US"}]}},"publishpress_future_action":{"enabled":false,"date":"2026-05-14 11:19:00","action":"change-status","newStatus":"draft","terms":[],"taxonomy":"translation_priority","extraData":[]},"publishpress_future_workflow_manual_trigger":{"enabledWorkflows":[]},"_links":{"self":[{"href":"https:\/\/www.caa.gov.cz\/en\/wp-json\/wp\/v2\/pages\/24968","targetHints":{"allow":["GET"]}}],"collection":[{"href":"https:\/\/www.caa.gov.cz\/en\/wp-json\/wp\/v2\/pages"}],"about":[{"href":"https:\/\/www.caa.gov.cz\/en\/wp-json\/wp\/v2\/types\/page"}],"author":[{"embeddable":true,"href":"https:\/\/www.caa.gov.cz\/en\/wp-json\/wp\/v2\/users\/24"}],"replies":[{"embeddable":true,"href":"https:\/\/www.caa.gov.cz\/en\/wp-json\/wp\/v2\/comments?post=24968"}],"version-history":[{"count":8,"href":"https:\/\/www.caa.gov.cz\/en\/wp-json\/wp\/v2\/pages\/24968\/revisions"}],"predecessor-version":[{"id":25924,"href":"https:\/\/www.caa.gov.cz\/en\/wp-json\/wp\/v2\/pages\/24968\/revisions\/25924"}],"wp:attachment":[{"href":"https:\/\/www.caa.gov.cz\/en\/wp-json\/wp\/v2\/media?parent=24968"}],"curies":[{"name":"wp","href":"https:\/\/api.w.org\/{rel}","templated":true}]}}