{"id":17639,"date":"2019-09-04T23:59:13","date_gmt":"2019-09-04T21:59:13","guid":{"rendered":"https:\/\/www.caa.cz\/?page_id=17639"},"modified":"2023-07-17T07:07:59","modified_gmt":"2023-07-17T05:07:59","slug":"how-to-get-to-caa-cz","status":"publish","type":"page","link":"https:\/\/www.caa.gov.cz\/en\/contacts\/how-to-get-to-caa-cz\/","title":{"rendered":"How to reach us"},"content":{"rendered":"\n<p>Civil Aviation Authority (\u201cCAA\u201d) resides at K leti\u0161ti 1149\/23, Prague 6, Postal Code 160 08, Czech Republic. Building of the CAA is located in the airport area called \u201eold airport\u201c \u2013 Terminal 3 \u2013 Prague Ruzyn\u011b Airport. \ufeff \ufeff<\/p>\n\n\n\n<p><strong>By bus<\/strong><\/p>\n\n\n\n<p>From Prague city centre:<\/p>\n\n\n\n<ul class=\"wp-block-list\">\n<li>Metro, Route A, to the station \u201eN\u00e1dra\u017e\u00ed Veleslav\u00edn\u201c and then take the bus No. 119 and get off at the station called \u201cTermin\u00e1l 3\u201d. From \u201eN\u00e1dra\u017e\u00ed Veleslav\u00edn\u201c you can also take intercity bus No. 322, 323 or 342 to reach \u201eTermin\u00e1l 3\u201c.<\/li>\n\n\n\n<li>Alternatively, you can go by Metro, Route B, to the station \u201eZli\u010d\u00edn\u201c and then take the bus No. 100 and get off at the station \u201eTermin\u00e1l 3\u201c.<\/li>\n<\/ul>\n\n\n\n<p><strong>By plane<\/strong><\/p>\n\n\n\n<p>Should you arrive by plane, you can reach us via bus No. 100, 119, 179, 225 departing from the arrival hall of Prague Airport. Those buses stop at \u201eTermin\u00e1l 3\u201c. The journey takes approx. 5 minutes.<br><br><strong>By car<\/strong><\/p>\n\n\n\n<p>In case you travel by car, please find below the arrival map to the building of CAA.<\/p>\n\n\n\n<figure class=\"wp-block-gallery has-nested-images columns-default is-cropped wp-block-gallery-1 is-layout-flex wp-block-gallery-is-layout-flex\">\n<figure class=\"wp-block-image size-large\"><img loading=\"lazy\" decoding=\"async\" width=\"350\" height=\"372\" data-id=\"17641\" src=\"https:\/\/www.caa.gov.cz\/wp-content\/uploads\/2019\/09\/mapa_1.jpg\" alt=\"\" class=\"wp-image-17641\"\/><\/figure>\n\n\n\n<figure class=\"wp-block-image size-large\"><img loading=\"lazy\" decoding=\"async\" width=\"320\" height=\"240\" data-id=\"17651\" src=\"https:\/\/www.caa.gov.cz\/wp-content\/uploads\/2019\/09\/foto_mapa_1-1.jpg\" alt=\"\" class=\"wp-image-17651\"\/><\/figure>\n<\/figure>\n\n\n\n<p><strong>Parking <\/strong><\/p>\n\n\n\n<p>CAA CZ has limited parking capacity for visitors. Several parking spaces are located in front of the entry gate. Upon arrival, please visit the reception in order to obtain the permit, which shall be visibly placed behind front shield of your car. Alternatively, paid sites belonging to the Prague Airport -Terminal 3 can be used subject to regulation of Prague Airport.<\/p>\n","protected":false},"excerpt":{"rendered":"<p>Civil Aviation Authority (\u201cCAA\u201d) resides at K leti\u0161ti 1149\/23, Prague 6, Postal Code 160 08, Czech Republic. Building of the CAA is located in the airport area called \u201eold airport\u201c \u2013 Terminal 3 \u2013 Prague Ruzyn\u011b Airport. \ufeff \ufeff By bus From Prague city centre: By plane Should you arrive by plane, you can reach [&hellip;]<\/p>\n","protected":false},"author":147,"featured_media":0,"parent":16323,"menu_order":0,"comment_status":"closed","ping_status":"closed","template":"","meta":{"_acf_changed":false,"_oasis_is_in_workflow":0,"_oasis_original":0,"_oasis_task_priority":"","footnotes":""},"class_list":["post-17639","page","type-page","status-publish","hentry"],"acf":[],"yoast_head":"<!-- This site is optimized with the Yoast SEO plugin v27.5 - https:\/\/yoast.com\/product\/yoast-seo-wordpress\/ -->\n<title>How to reach us - Civil Aviation Authority of the Czech Republic<\/title>\n<meta name=\"robots\" content=\"index, follow, max-snippet:-1, max-image-preview:large, max-video-preview:-1\" \/>\n<link rel=\"canonical\" href=\"https:\/\/www.caa.gov.cz\/en\/contacts\/how-to-get-to-caa-cz\/\" \/>\n<meta property=\"og:locale\" content=\"en_US\" \/>\n<meta property=\"og:type\" content=\"article\" \/>\n<meta property=\"og:title\" content=\"How to reach us - Civil Aviation Authority of the Czech Republic\" \/>\n<meta property=\"og:description\" content=\"Civil Aviation Authority (\u201cCAA\u201d) resides at K leti\u0161ti 1149\/23, Prague 6, Postal Code 160 08, Czech Republic. Building of the CAA is located in the airport area called \u201eold airport\u201c \u2013 Terminal 3 \u2013 Prague Ruzyn\u011b Airport. \ufeff \ufeff By bus From Prague city centre: By plane Should you arrive by plane, you can reach [&hellip;]\" \/>\n<meta property=\"og:url\" content=\"https:\/\/www.caa.gov.cz\/en\/contacts\/how-to-get-to-caa-cz\/\" \/>\n<meta property=\"og:site_name\" content=\"Civil Aviation Authority of the Czech Republic\" \/>\n<meta property=\"article:modified_time\" content=\"2023-07-17T05:07:59+00:00\" \/>\n<meta property=\"og:image\" content=\"https:\/\/www.caa.gov.cz\/wp-content\/uploads\/2019\/09\/mapa_1.jpg\" \/>\n<meta name=\"twitter:card\" content=\"summary_large_image\" \/>\n<meta name=\"twitter:label1\" content=\"Est. reading time\" \/>\n\t<meta name=\"twitter:data1\" content=\"2 minutes\" \/>\n<script type=\"application\/ld+json\" class=\"yoast-schema-graph\">{\"@context\":\"https:\\\/\\\/schema.org\",\"@graph\":[{\"@type\":\"WebPage\",\"@id\":\"https:\\\/\\\/www.caa.gov.cz\\\/en\\\/contacts\\\/how-to-get-to-caa-cz\\\/\",\"url\":\"https:\\\/\\\/www.caa.gov.cz\\\/en\\\/contacts\\\/how-to-get-to-caa-cz\\\/\",\"name\":\"How to reach us - Civil Aviation Authority of the Czech Republic\",\"isPartOf\":{\"@id\":\"https:\\\/\\\/www.caa.gov.cz\\\/#website\"},\"primaryImageOfPage\":{\"@id\":\"https:\\\/\\\/www.caa.gov.cz\\\/en\\\/contacts\\\/how-to-get-to-caa-cz\\\/#primaryimage\"},\"image\":{\"@id\":\"https:\\\/\\\/www.caa.gov.cz\\\/en\\\/contacts\\\/how-to-get-to-caa-cz\\\/#primaryimage\"},\"thumbnailUrl\":\"https:\\\/\\\/www.caa.gov.cz\\\/wp-content\\\/uploads\\\/2019\\\/09\\\/mapa_1.jpg\",\"datePublished\":\"2019-09-04T21:59:13+00:00\",\"dateModified\":\"2023-07-17T05:07:59+00:00\",\"breadcrumb\":{\"@id\":\"https:\\\/\\\/www.caa.gov.cz\\\/en\\\/contacts\\\/how-to-get-to-caa-cz\\\/#breadcrumb\"},\"inLanguage\":\"en-US\",\"potentialAction\":[{\"@type\":\"ReadAction\",\"target\":[\"https:\\\/\\\/www.caa.gov.cz\\\/en\\\/contacts\\\/how-to-get-to-caa-cz\\\/\"]}]},{\"@type\":\"ImageObject\",\"inLanguage\":\"en-US\",\"@id\":\"https:\\\/\\\/www.caa.gov.cz\\\/en\\\/contacts\\\/how-to-get-to-caa-cz\\\/#primaryimage\",\"url\":\"https:\\\/\\\/www.caa.gov.cz\\\/wp-content\\\/uploads\\\/2019\\\/09\\\/mapa_1.jpg\",\"contentUrl\":\"https:\\\/\\\/www.caa.gov.cz\\\/wp-content\\\/uploads\\\/2019\\\/09\\\/mapa_1.jpg\"},{\"@type\":\"BreadcrumbList\",\"@id\":\"https:\\\/\\\/www.caa.gov.cz\\\/en\\\/contacts\\\/how-to-get-to-caa-cz\\\/#breadcrumb\",\"itemListElement\":[{\"@type\":\"ListItem\",\"position\":1,\"name\":\"Dom\u016f\",\"item\":\"https:\\\/\\\/www.caa.gov.cz\\\/en\\\/\"},{\"@type\":\"ListItem\",\"position\":2,\"name\":\"Contacts\",\"item\":\"https:\\\/\\\/www.caa.gov.cz\\\/en\\\/contacts\\\/\"},{\"@type\":\"ListItem\",\"position\":3,\"name\":\"How to reach us\"}]},{\"@type\":\"WebSite\",\"@id\":\"https:\\\/\\\/www.caa.gov.cz\\\/#website\",\"url\":\"https:\\\/\\\/www.caa.gov.cz\\\/\",\"name\":\"Civil Aviation Authority of the Czech Republic\",\"description\":\"\",\"potentialAction\":[{\"@type\":\"SearchAction\",\"target\":{\"@type\":\"EntryPoint\",\"urlTemplate\":\"https:\\\/\\\/www.caa.gov.cz\\\/?s={search_term_string}\"},\"query-input\":{\"@type\":\"PropertyValueSpecification\",\"valueRequired\":true,\"valueName\":\"search_term_string\"}}],\"inLanguage\":\"en-US\"}]}<\/script>\n<!-- \/ Yoast SEO plugin. -->","yoast_head_json":{"title":"How to reach us - Civil Aviation Authority of the Czech Republic","robots":{"index":"index","follow":"follow","max-snippet":"max-snippet:-1","max-image-preview":"max-image-preview:large","max-video-preview":"max-video-preview:-1"},"canonical":"https:\/\/www.caa.gov.cz\/en\/contacts\/how-to-get-to-caa-cz\/","og_locale":"en_US","og_type":"article","og_title":"How to reach us - Civil Aviation Authority of the Czech Republic","og_description":"Civil Aviation Authority (\u201cCAA\u201d) resides at K leti\u0161ti 1149\/23, Prague 6, Postal Code 160 08, Czech Republic. Building of the CAA is located in the airport area called \u201eold airport\u201c \u2013 Terminal 3 \u2013 Prague Ruzyn\u011b Airport. \ufeff \ufeff By bus From Prague city centre: By plane Should you arrive by plane, you can reach [&hellip;]","og_url":"https:\/\/www.caa.gov.cz\/en\/contacts\/how-to-get-to-caa-cz\/","og_site_name":"Civil Aviation Authority of the Czech Republic","article_modified_time":"2023-07-17T05:07:59+00:00","og_image":[{"url":"https:\/\/www.caa.gov.cz\/wp-content\/uploads\/2019\/09\/mapa_1.jpg","type":"","width":"","height":""}],"twitter_card":"summary_large_image","twitter_misc":{"Est. reading time":"2 minutes"},"schema":{"@context":"https:\/\/schema.org","@graph":[{"@type":"WebPage","@id":"https:\/\/www.caa.gov.cz\/en\/contacts\/how-to-get-to-caa-cz\/","url":"https:\/\/www.caa.gov.cz\/en\/contacts\/how-to-get-to-caa-cz\/","name":"How to reach us - Civil Aviation Authority of the Czech Republic","isPartOf":{"@id":"https:\/\/www.caa.gov.cz\/#website"},"primaryImageOfPage":{"@id":"https:\/\/www.caa.gov.cz\/en\/contacts\/how-to-get-to-caa-cz\/#primaryimage"},"image":{"@id":"https:\/\/www.caa.gov.cz\/en\/contacts\/how-to-get-to-caa-cz\/#primaryimage"},"thumbnailUrl":"https:\/\/www.caa.gov.cz\/wp-content\/uploads\/2019\/09\/mapa_1.jpg","datePublished":"2019-09-04T21:59:13+00:00","dateModified":"2023-07-17T05:07:59+00:00","breadcrumb":{"@id":"https:\/\/www.caa.gov.cz\/en\/contacts\/how-to-get-to-caa-cz\/#breadcrumb"},"inLanguage":"en-US","potentialAction":[{"@type":"ReadAction","target":["https:\/\/www.caa.gov.cz\/en\/contacts\/how-to-get-to-caa-cz\/"]}]},{"@type":"ImageObject","inLanguage":"en-US","@id":"https:\/\/www.caa.gov.cz\/en\/contacts\/how-to-get-to-caa-cz\/#primaryimage","url":"https:\/\/www.caa.gov.cz\/wp-content\/uploads\/2019\/09\/mapa_1.jpg","contentUrl":"https:\/\/www.caa.gov.cz\/wp-content\/uploads\/2019\/09\/mapa_1.jpg"},{"@type":"BreadcrumbList","@id":"https:\/\/www.caa.gov.cz\/en\/contacts\/how-to-get-to-caa-cz\/#breadcrumb","itemListElement":[{"@type":"ListItem","position":1,"name":"Dom\u016f","item":"https:\/\/www.caa.gov.cz\/en\/"},{"@type":"ListItem","position":2,"name":"Contacts","item":"https:\/\/www.caa.gov.cz\/en\/contacts\/"},{"@type":"ListItem","position":3,"name":"How to reach us"}]},{"@type":"WebSite","@id":"https:\/\/www.caa.gov.cz\/#website","url":"https:\/\/www.caa.gov.cz\/","name":"Civil Aviation Authority of the Czech Republic","description":"","potentialAction":[{"@type":"SearchAction","target":{"@type":"EntryPoint","urlTemplate":"https:\/\/www.caa.gov.cz\/?s={search_term_string}"},"query-input":{"@type":"PropertyValueSpecification","valueRequired":true,"valueName":"search_term_string"}}],"inLanguage":"en-US"}]}},"publishpress_future_action":{"enabled":false,"date":"2026-05-13 09:16:37","action":"change-status","newStatus":"draft","terms":[],"taxonomy":"translation_priority","extraData":[]},"publishpress_future_workflow_manual_trigger":{"enabledWorkflows":[]},"_links":{"self":[{"href":"https:\/\/www.caa.gov.cz\/en\/wp-json\/wp\/v2\/pages\/17639","targetHints":{"allow":["GET"]}}],"collection":[{"href":"https:\/\/www.caa.gov.cz\/en\/wp-json\/wp\/v2\/pages"}],"about":[{"href":"https:\/\/www.caa.gov.cz\/en\/wp-json\/wp\/v2\/types\/page"}],"author":[{"embeddable":true,"href":"https:\/\/www.caa.gov.cz\/en\/wp-json\/wp\/v2\/users\/147"}],"replies":[{"embeddable":true,"href":"https:\/\/www.caa.gov.cz\/en\/wp-json\/wp\/v2\/comments?post=17639"}],"version-history":[{"count":7,"href":"https:\/\/www.caa.gov.cz\/en\/wp-json\/wp\/v2\/pages\/17639\/revisions"}],"predecessor-version":[{"id":39040,"href":"https:\/\/www.caa.gov.cz\/en\/wp-json\/wp\/v2\/pages\/17639\/revisions\/39040"}],"up":[{"embeddable":true,"href":"https:\/\/www.caa.gov.cz\/en\/wp-json\/wp\/v2\/pages\/16323"}],"wp:attachment":[{"href":"https:\/\/www.caa.gov.cz\/en\/wp-json\/wp\/v2\/media?parent=17639"}],"curies":[{"name":"wp","href":"https:\/\/api.w.org\/{rel}","templated":true}]}}