{"id":16854,"date":"2019-07-30T10:09:54","date_gmt":"2019-07-30T08:09:54","guid":{"rendered":"https:\/\/www.caa.cz\/?page_id=16854"},"modified":"2019-09-11T09:08:19","modified_gmt":"2019-09-11T07:08:19","slug":"sitemap","status":"publish","type":"page","link":"https:\/\/www.caa.gov.cz\/en\/sitemap\/","title":{"rendered":"Sitemap"},"content":{"rendered":"<div id=\"simple-sitemap-container-69fc4a813b8d5\" class=\"simple-sitemap-container simple-sitemap-container-69fc4a813b8d5 tab-disabled\"><div class=\"simple-sitemap-wrap\"><h3 class=\"post-type\">Pages<\/h3><ul class=\"simple-sitemap-page main\"><li class=\"sitemap-item page_item page-item-25824 page_item_has_children\"><a href=\"https:\/\/www.caa.gov.cz\/en\/aerodromes\/\">Aerodromes<\/a>\n<ul class='children'>\n\t<li class=\"sitemap-item page_item page-item-50533\"><a href=\"https:\/\/www.caa.gov.cz\/en\/aerodromes\/ochranna-pasma\/\">Ochrann\u00e1 p\u00e1sma<\/a><\/li>\n<\/ul>\n<\/li>\n<li class=\"sitemap-item page_item page-item-16275 page_item_has_children\"><a href=\"https:\/\/www.caa.gov.cz\/en\/aircraft\/\">Aircraft<\/a>\n<ul class='children'>\n\t<li class=\"sitemap-item page_item page-item-16261\"><a href=\"https:\/\/www.caa.gov.cz\/en\/aircraft\/acceptance-of-national-aerospace-ndt-board-nandtb\/\">Acceptance of National Aerospace NDT Board (NANDTB)<\/a><\/li>\n\t<li class=\"sitemap-item page_item page-item-16269\"><a href=\"https:\/\/www.caa.gov.cz\/en\/aircraft\/airworthiness-directives\/\">Airworthiness Directives<\/a><\/li>\n\t<li class=\"sitemap-item page_item page-item-16271\"><a href=\"https:\/\/www.caa.gov.cz\/en\/aircraft\/approved-organisations-for-maintenance-continuing-airworthiness-and-production-of-aircraft-aeronautical-products-parts-and-appliances\/\">Approved Organisations for Maintenance, Continuing Airworthiness and Production of Aircraft, Aeronautical Products, Parts and Appliances<\/a><\/li>\n\t<li class=\"sitemap-item page_item page-item-16273\"><a href=\"https:\/\/www.caa.gov.cz\/en\/aircraft\/caa-cz-directives\/\">CAA CZ Directives<\/a><\/li>\n\t<li class=\"sitemap-item page_item page-item-16263\"><a href=\"https:\/\/www.caa.gov.cz\/en\/aircraft\/continuing-airworthiness-management-system-for-aircraft-not-involved-in-commercial-air-transport-after-28-september-2009\/\">Continuing airworthiness management system for aircraft not involved in commercial air transport after 28 September 2009<\/a><\/li>\n\t<li class=\"sitemap-item page_item page-item-28310\"><a href=\"https:\/\/www.caa.gov.cz\/en\/aircraft\/forms-of-technical-division\/\">Forms of Technical Division<\/a><\/li>\n\t<li class=\"sitemap-item page_item page-item-16265\"><a href=\"https:\/\/www.caa.gov.cz\/en\/aircraft\/import-of-aeronautical-products-into-the-czech-republic\/\">Import of Aeronautical Products into the Czech Republic<\/a><\/li>\n\t<li class=\"sitemap-item page_item page-item-16285\"><a href=\"https:\/\/www.caa.gov.cz\/en\/aircraft\/prehled-platnych-typovych-osvedceni\/\">P\u0159ehled platn\u00fdch typov\u00fdch osv\u011bd\u010den\u00ed<\/a><\/li>\n<\/ul>\n<\/li>\n<li class=\"sitemap-item page_item page-item-25655 page_item_has_children\"><a href=\"https:\/\/www.caa.gov.cz\/en\/approval-process-for-the-operation-of-foreign-aircraft-with-a-special-category-of-airworthiness-within-the-airspace-of-the-czech-republic\/\">Approval Process for the Operation of Foreign Aircraft with a Special Category of Airworthiness within the Airspace of the Czech Republic<\/a>\n<ul class='children'>\n\t<li class=\"sitemap-item page_item page-item-47714\"><a href=\"https:\/\/www.caa.gov.cz\/en\/approval-process-for-the-operation-of-foreign-aircraft-with-a-special-category-of-airworthiness-within-the-airspace-of-the-czech-republic\/foreign-ultralight-aircraft\/\">Foreign Ultralight Aircraft<\/a><\/li>\n\t<li class=\"sitemap-item page_item page-item-47702\"><a href=\"https:\/\/www.caa.gov.cz\/en\/approval-process-for-the-operation-of-foreign-aircraft-with-a-special-category-of-airworthiness-within-the-airspace-of-the-czech-republic\/long-term-operation-of-aircraft-with-a-special-category-of-airworthiness\/\">Long-Term Operation of Aircraft with a Special Category of Airworthiness<\/a><\/li>\n\t<li class=\"sitemap-item page_item page-item-47697\"><a href=\"https:\/\/www.caa.gov.cz\/en\/approval-process-for-the-operation-of-foreign-aircraft-with-a-special-category-of-airworthiness-within-the-airspace-of-the-czech-republic\/overflight-of-aircraft-with-a-special-category-of-airworthiness-including-landings-within-the-territory-of-the-czech-republic\/\">Overflight of Aircraft with a Special Category of Airworthiness (Including Landings within the Territory of the Czech Republic)<\/a><\/li>\n\t<li class=\"sitemap-item page_item page-item-47695\"><a href=\"https:\/\/www.caa.gov.cz\/en\/approval-process-for-the-operation-of-foreign-aircraft-with-a-special-category-of-airworthiness-within-the-airspace-of-the-czech-republic\/overflight-of-an-aircraft-with-a-standard-certificate-of-airworthiness-cofa\/\">Overflight of an Aircraft with a Standard Certificate of Airworthiness (CofA)<\/a><\/li>\n\t<li class=\"sitemap-item page_item page-item-47705\"><a href=\"https:\/\/www.caa.gov.cz\/en\/approval-process-for-the-operation-of-foreign-aircraft-with-a-special-category-of-airworthiness-within-the-airspace-of-the-czech-republic\/test-flights\/\">Test Flights<\/a><\/li>\n<\/ul>\n<\/li>\n<li class=\"sitemap-item page_item page-item-25821\"><a href=\"https:\/\/www.caa.gov.cz\/en\/atm-ans\/\">ATM\/ANS<\/a><\/li>\n<li class=\"sitemap-item page_item page-item-16309 page_item_has_children\"><a href=\"https:\/\/www.caa.gov.cz\/en\/authority\/\">Authority<\/a>\n<ul class='children'>\n\t<li class=\"sitemap-item page_item page-item-21285\"><a href=\"https:\/\/www.caa.gov.cz\/en\/authority\/administrative-fees-2\/\">Administrative fees<\/a><\/li>\n\t<li class=\"sitemap-item page_item page-item-28653\"><a href=\"https:\/\/www.caa.gov.cz\/en\/authority\/director-of-the-civil-aviation-authority\/\">Director of the Civil Aviation Authority<\/a><\/li>\n\t<li class=\"sitemap-item page_item page-item-16311\"><a href=\"https:\/\/www.caa.gov.cz\/en\/authority\/history\/\">History<\/a><\/li>\n\t<li class=\"sitemap-item page_item page-item-16313\"><a href=\"https:\/\/www.caa.gov.cz\/en\/authority\/organisational-structure\/\">Organisational Structure<\/a><\/li>\n\t<li class=\"sitemap-item page_item page-item-16317\"><a href=\"https:\/\/www.caa.gov.cz\/en\/authority\/organization-of-civil-aviation-in-the-czech-republic\/\">Organization of civil aviation in the Czech Republic<\/a><\/li>\n\t<li class=\"sitemap-item page_item page-item-16315\"><a href=\"https:\/\/www.caa.gov.cz\/en\/authority\/responsibilities\/\">Responsibilities<\/a><\/li>\n<\/ul>\n<\/li>\n<li class=\"sitemap-item page_item page-item-16255 page_item_has_children\"><a href=\"https:\/\/www.caa.gov.cz\/en\/aviation-personnel\/\">Aviation personnel<\/a>\n<ul class='children'>\n\t<li class=\"sitemap-item page_item page-item-49630\"><a href=\"https:\/\/www.caa.gov.cz\/en\/aviation-personnel\/application-for-issuance-of-a-registration-number\/\">Application for Issuance of a Registration Number<\/a><\/li>\n\t<li class=\"sitemap-item page_item page-item-47982\"><a href=\"https:\/\/www.caa.gov.cz\/en\/aviation-personnel\/background-checks\/\">Background Checks<\/a><\/li>\n\t<li class=\"sitemap-item page_item page-item-46404\"><a href=\"https:\/\/www.caa.gov.cz\/en\/aviation-personnel\/examiners\/\">Examiners<\/a><\/li>\n\t<li class=\"sitemap-item page_item page-item-16251\"><a href=\"https:\/\/www.caa.gov.cz\/en\/aviation-personnel\/training-organizations\/\">Training Organizations<\/a><\/li>\n<\/ul>\n<\/li>\n<li class=\"sitemap-item page_item page-item-24968\"><a href=\"https:\/\/www.caa.gov.cz\/en\/aviation-personnel-engineers\/\">Aviation Personnel \/ Engineers<\/a><\/li>\n<li class=\"sitemap-item page_item page-item-16348\"><a href=\"https:\/\/www.caa.gov.cz\/en\/community-list-black-list\/\">Community list \"Black list\"<\/a><\/li>\n<li class=\"sitemap-item page_item page-item-16323 page_item_has_children\"><a href=\"https:\/\/www.caa.gov.cz\/en\/contacts\/\">Contacts<\/a>\n<ul class='children'>\n\t<li class=\"sitemap-item page_item page-item-17639\"><a href=\"https:\/\/www.caa.gov.cz\/en\/contacts\/how-to-get-to-caa-cz\/\">How to reach us<\/a><\/li>\n\t<li class=\"sitemap-item page_item page-item-17655\"><a href=\"https:\/\/www.caa.gov.cz\/en\/contacts\/office-hours\/\">Office Hours<\/a><\/li>\n\t<li class=\"sitemap-item page_item page-item-17660\"><a href=\"https:\/\/www.caa.gov.cz\/en\/contacts\/telephone-directory\/\">Telephone Directory<\/a><\/li>\n<\/ul>\n<\/li>\n<li class=\"sitemap-item page_item page-item-20547\"><a href=\"https:\/\/www.caa.gov.cz\/en\/vyjimky-vydane-pro-potreby-zachovani-provozu-po-dobu-nouzoveho-stavu\/\">Exemption COVID-19 \u2013 Personnel Licensing<\/a><\/li>\n<li class=\"sitemap-item page_item page-item-26141\"><a href=\"https:\/\/www.caa.gov.cz\/en\/exemption-for-air-carriers\/\">Exemption for Air Carriers<\/a><\/li>\n<li class=\"sitemap-item page_item page-item-23771 page_item_has_children\"><a href=\"https:\/\/www.caa.gov.cz\/en\/flight-operations\/\">Flight Operations<\/a>\n<ul class='children'>\n\t<li class=\"sitemap-item page_item page-item-23794\"><a href=\"https:\/\/www.caa.gov.cz\/en\/flight-operations\/high-risk-specialised-commercial-operation\/\">High Risk specialised commercial operation<\/a><\/li>\n\t<li class=\"sitemap-item page_item page-item-16267\"><a href=\"https:\/\/www.caa.gov.cz\/en\/flight-operations\/unmanned-aircraft\/\">Unmanned Aircraft<\/a><\/li>\n<\/ul>\n<\/li>\n<li class=\"sitemap-item page_item page-item-16241 page_item_has_children\"><a href=\"https:\/\/www.caa.gov.cz\/en\/forms\/\">Forms<\/a>\n<ul class='children'>\n\t<li class=\"sitemap-item page_item page-item-16239\"><a href=\"https:\/\/www.caa.gov.cz\/en\/forms\/air-passenger-rights-complaint-form\/\">Air passenger rights - complaint form<\/a><\/li>\n\t<li class=\"sitemap-item page_item page-item-16234\"><a href=\"https:\/\/www.caa.gov.cz\/en\/forms\/aircraft-register\/\">Aircraft Register - FORMS<\/a><\/li>\n\t<li class=\"sitemap-item page_item page-item-16237\"><a href=\"https:\/\/www.caa.gov.cz\/en\/forms\/application-and-report-forms\/\">Application and Report Forms<\/a><\/li>\n<\/ul>\n<\/li>\n<li class=\"sitemap-item page_item page-item-43454\"><a href=\"https:\/\/www.caa.gov.cz\/en\/how-to-apply-for-the-language-proficiency-endorsement\/\">How to apply for the language proficiency endorsement<\/a><\/li>\n<li class=\"sitemap-item page_item page-item-46\"><a href=\"https:\/\/www.caa.gov.cz\/en\/\">HP<\/a><\/li>\n<li class=\"sitemap-item page_item page-item-43458\"><a href=\"https:\/\/www.caa.gov.cz\/en\/language-proficiency-endorsement\/\">Language proficiency endorsement<\/a><\/li>\n<li class=\"sitemap-item page_item page-item-16231 page_item_has_children\"><a href=\"https:\/\/www.caa.gov.cz\/en\/passengers\/\">Passengers<\/a>\n<ul class='children'>\n\t<li class=\"sitemap-item page_item page-item-16299\"><a href=\"https:\/\/www.caa.gov.cz\/en\/passengers\/air-carrier-identity-and-community-list-black-list\/\">Air carrier identity and Community list \"Black list\"<\/a><\/li>\n\t<li class=\"sitemap-item page_item page-item-16297 page_item_has_children\"><a href=\"https:\/\/www.caa.gov.cz\/en\/passengers\/denied-boarding-delay-or-cancellation-of-flight\/\">Denied boarding, delay or cancellation of flight<\/a>\n\t<ul class='children'>\n\t\t<li class=\"sitemap-item page_item page-item-16329\"><a href=\"https:\/\/www.caa.gov.cz\/en\/passengers\/denied-boarding-delay-or-cancellation-of-flight\/air-passenger-complaint-form\/\">Air passenger complaint form<\/a><\/li>\n\t\t<li class=\"sitemap-item page_item page-item-16327\"><a href=\"https:\/\/www.caa.gov.cz\/en\/passengers\/denied-boarding-delay-or-cancellation-of-flight\/general-information\/\">General information<\/a><\/li>\n\t\t<li class=\"sitemap-item page_item page-item-16332\"><a href=\"https:\/\/www.caa.gov.cz\/en\/passengers\/denied-boarding-delay-or-cancellation-of-flight\/regulation-ec-no-261-2004-of-the-european-parliament-and-of-the-council\/\">Regulation (EC) No 261\/2004 of the European Parliament and of the Council<\/a><\/li>\n\t<\/ul>\n<\/li>\n\t<li class=\"sitemap-item page_item page-item-16301 page_item_has_children\"><a href=\"https:\/\/www.caa.gov.cz\/en\/passengers\/disabled-persons-and-persons-with-reduced-mobility-travelling-by-air\/\">Disabled persons and persons with reduced mobility travelling by air<\/a>\n\t<ul class='children'>\n\t\t<li class=\"sitemap-item page_item page-item-16355\"><a href=\"https:\/\/www.caa.gov.cz\/en\/passengers\/disabled-persons-and-persons-with-reduced-mobility-travelling-by-air\/general-information\/\">General information<\/a><\/li>\n\t\t<li class=\"sitemap-item page_item page-item-16357\"><a href=\"https:\/\/www.caa.gov.cz\/en\/passengers\/disabled-persons-and-persons-with-reduced-mobility-travelling-by-air\/regulation-ec-no-1107-2006-of-the-european-parliament-and-of-the-council\/\">Regulation (EC) No 1107\/2006 of the European Parliament and of the Council<\/a><\/li>\n\t<\/ul>\n<\/li>\n<\/ul>\n<\/li>\n<li class=\"sitemap-item page_item page-item-28716\"><a href=\"https:\/\/www.caa.gov.cz\/en\/power-of-attorney-and-authorisation-to-represent-legal-person\/\">Power of attorney and Authorisation to represent legal person<\/a><\/li>\n<li class=\"sitemap-item page_item page-item-16854\"><a href=\"https:\/\/www.caa.gov.cz\/en\/sitemap\/\">Sitemap<\/a><\/li>\n<li class=\"sitemap-item page_item page-item-24994\"><a href=\"https:\/\/www.caa.gov.cz\/en\/validation-of-a-foreign-pilot-licence\/\">Validation of a foreign pilot licence<\/a><\/li>\n<\/ul><\/div><\/div><br style=\"clear: both;\">\n","protected":false},"excerpt":{"rendered":"","protected":false},"author":11,"featured_media":0,"parent":0,"menu_order":0,"comment_status":"closed","ping_status":"closed","template":"","meta":{"_acf_changed":false,"_oasis_is_in_workflow":0,"_oasis_original":0,"_oasis_task_priority":"","footnotes":""},"class_list":["post-16854","page","type-page","status-publish","hentry"],"acf":[],"yoast_head":"<!-- This site is optimized with the Yoast SEO plugin v27.5 - https:\/\/yoast.com\/product\/yoast-seo-wordpress\/ -->\n<title>Sitemap - Civil Aviation Authority of the Czech Republic<\/title>\n<meta name=\"robots\" content=\"index, follow, max-snippet:-1, max-image-preview:large, max-video-preview:-1\" \/>\n<link rel=\"canonical\" href=\"https:\/\/www.caa.gov.cz\/en\/sitemap\/\" \/>\n<meta property=\"og:locale\" content=\"en_US\" \/>\n<meta property=\"og:type\" content=\"article\" \/>\n<meta property=\"og:title\" content=\"Sitemap - Civil Aviation Authority of the Czech Republic\" \/>\n<meta property=\"og:url\" content=\"https:\/\/www.caa.gov.cz\/en\/sitemap\/\" \/>\n<meta property=\"og:site_name\" content=\"Civil Aviation Authority of the Czech Republic\" \/>\n<meta property=\"article:modified_time\" content=\"2019-09-11T07:08:19+00:00\" \/>\n<meta name=\"twitter:card\" content=\"summary_large_image\" \/>\n<script type=\"application\/ld+json\" class=\"yoast-schema-graph\">{\"@context\":\"https:\\\/\\\/schema.org\",\"@graph\":[{\"@type\":\"WebPage\",\"@id\":\"https:\\\/\\\/www.caa.gov.cz\\\/en\\\/sitemap\\\/\",\"url\":\"https:\\\/\\\/www.caa.gov.cz\\\/en\\\/sitemap\\\/\",\"name\":\"Sitemap - Civil Aviation Authority of the Czech Republic\",\"isPartOf\":{\"@id\":\"https:\\\/\\\/www.caa.gov.cz\\\/#website\"},\"datePublished\":\"2019-07-30T08:09:54+00:00\",\"dateModified\":\"2019-09-11T07:08:19+00:00\",\"breadcrumb\":{\"@id\":\"https:\\\/\\\/www.caa.gov.cz\\\/en\\\/sitemap\\\/#breadcrumb\"},\"inLanguage\":\"en-US\",\"potentialAction\":[{\"@type\":\"ReadAction\",\"target\":[\"https:\\\/\\\/www.caa.gov.cz\\\/en\\\/sitemap\\\/\"]}]},{\"@type\":\"BreadcrumbList\",\"@id\":\"https:\\\/\\\/www.caa.gov.cz\\\/en\\\/sitemap\\\/#breadcrumb\",\"itemListElement\":[{\"@type\":\"ListItem\",\"position\":1,\"name\":\"Dom\u016f\",\"item\":\"https:\\\/\\\/www.caa.gov.cz\\\/en\\\/\"},{\"@type\":\"ListItem\",\"position\":2,\"name\":\"Sitemap\"}]},{\"@type\":\"WebSite\",\"@id\":\"https:\\\/\\\/www.caa.gov.cz\\\/#website\",\"url\":\"https:\\\/\\\/www.caa.gov.cz\\\/\",\"name\":\"Civil Aviation Authority of the Czech Republic\",\"description\":\"\",\"potentialAction\":[{\"@type\":\"SearchAction\",\"target\":{\"@type\":\"EntryPoint\",\"urlTemplate\":\"https:\\\/\\\/www.caa.gov.cz\\\/?s={search_term_string}\"},\"query-input\":{\"@type\":\"PropertyValueSpecification\",\"valueRequired\":true,\"valueName\":\"search_term_string\"}}],\"inLanguage\":\"en-US\"}]}<\/script>\n<!-- \/ Yoast SEO plugin. -->","yoast_head_json":{"title":"Sitemap - Civil Aviation Authority of the Czech Republic","robots":{"index":"index","follow":"follow","max-snippet":"max-snippet:-1","max-image-preview":"max-image-preview:large","max-video-preview":"max-video-preview:-1"},"canonical":"https:\/\/www.caa.gov.cz\/en\/sitemap\/","og_locale":"en_US","og_type":"article","og_title":"Sitemap - Civil Aviation Authority of the Czech Republic","og_url":"https:\/\/www.caa.gov.cz\/en\/sitemap\/","og_site_name":"Civil Aviation Authority of the Czech Republic","article_modified_time":"2019-09-11T07:08:19+00:00","twitter_card":"summary_large_image","schema":{"@context":"https:\/\/schema.org","@graph":[{"@type":"WebPage","@id":"https:\/\/www.caa.gov.cz\/en\/sitemap\/","url":"https:\/\/www.caa.gov.cz\/en\/sitemap\/","name":"Sitemap - Civil Aviation Authority of the Czech Republic","isPartOf":{"@id":"https:\/\/www.caa.gov.cz\/#website"},"datePublished":"2019-07-30T08:09:54+00:00","dateModified":"2019-09-11T07:08:19+00:00","breadcrumb":{"@id":"https:\/\/www.caa.gov.cz\/en\/sitemap\/#breadcrumb"},"inLanguage":"en-US","potentialAction":[{"@type":"ReadAction","target":["https:\/\/www.caa.gov.cz\/en\/sitemap\/"]}]},{"@type":"BreadcrumbList","@id":"https:\/\/www.caa.gov.cz\/en\/sitemap\/#breadcrumb","itemListElement":[{"@type":"ListItem","position":1,"name":"Dom\u016f","item":"https:\/\/www.caa.gov.cz\/en\/"},{"@type":"ListItem","position":2,"name":"Sitemap"}]},{"@type":"WebSite","@id":"https:\/\/www.caa.gov.cz\/#website","url":"https:\/\/www.caa.gov.cz\/","name":"Civil Aviation Authority of the Czech Republic","description":"","potentialAction":[{"@type":"SearchAction","target":{"@type":"EntryPoint","urlTemplate":"https:\/\/www.caa.gov.cz\/?s={search_term_string}"},"query-input":{"@type":"PropertyValueSpecification","valueRequired":true,"valueName":"search_term_string"}}],"inLanguage":"en-US"}]}},"publishpress_future_action":{"enabled":false,"date":"2026-05-14 10:17:05","action":"change-status","newStatus":"draft","terms":[],"taxonomy":"translation_priority","extraData":[]},"publishpress_future_workflow_manual_trigger":{"enabledWorkflows":[]},"_links":{"self":[{"href":"https:\/\/www.caa.gov.cz\/en\/wp-json\/wp\/v2\/pages\/16854","targetHints":{"allow":["GET"]}}],"collection":[{"href":"https:\/\/www.caa.gov.cz\/en\/wp-json\/wp\/v2\/pages"}],"about":[{"href":"https:\/\/www.caa.gov.cz\/en\/wp-json\/wp\/v2\/types\/page"}],"author":[{"embeddable":true,"href":"https:\/\/www.caa.gov.cz\/en\/wp-json\/wp\/v2\/users\/11"}],"replies":[{"embeddable":true,"href":"https:\/\/www.caa.gov.cz\/en\/wp-json\/wp\/v2\/comments?post=16854"}],"version-history":[{"count":2,"href":"https:\/\/www.caa.gov.cz\/en\/wp-json\/wp\/v2\/pages\/16854\/revisions"}],"predecessor-version":[{"id":16856,"href":"https:\/\/www.caa.gov.cz\/en\/wp-json\/wp\/v2\/pages\/16854\/revisions\/16856"}],"wp:attachment":[{"href":"https:\/\/www.caa.gov.cz\/en\/wp-json\/wp\/v2\/media?parent=16854"}],"curies":[{"name":"wp","href":"https:\/\/api.w.org\/{rel}","templated":true}]}}