{"id":16332,"date":"2019-07-18T00:34:32","date_gmt":"2019-07-17T22:34:32","guid":{"rendered":"https:\/\/www.caa.cz\/?page_id=16332"},"modified":"2024-06-17T14:55:09","modified_gmt":"2024-06-17T12:55:09","slug":"regulation-ec-no-261-2004-of-the-european-parliament-and-of-the-council","status":"publish","type":"page","link":"https:\/\/www.caa.gov.cz\/en\/passengers\/denied-boarding-delay-or-cancellation-of-flight\/regulation-ec-no-261-2004-of-the-european-parliament-and-of-the-council\/","title":{"rendered":"Regulation (EC) No 261\/2004 of the European Parliament and of the Council"},"content":{"rendered":"\n<p><a href=\"http:\/\/eur-lex.europa.eu\/LexUriServ\/LexUriServ.do?uri=OJ:L:2004:046:0001:0007:EN:PDF\">Regulation (EC) No 261\/2004 of the European Parliament and of the Council<\/a> of 11 February 2004 establishing common rules on compensation and assistance to passengers in the event of denied boarding and of cancellation or long delay of flights, and repealing Regulation (EEC) No 295\/91 \u2013 lays down rules on the protection applied to passengers in cases mentioned above, both in scheduled and non-scheduled air services.<br><br><a href=\"http:\/\/eur-lex.europa.eu\/Notice.do?val=342673:cs&amp;lang=en&amp;list=493083:cs,461583:cs,443076:cs,438143:cs,343075:cs,342673:cs,&amp;pos=6&amp;page=1&amp;nbl=6&amp;pgs=10&amp;hwords=\"> Its consolidated version and information on corrigenda<\/a><br><br> Regulation entered into force on <strong>17 February 2005<\/strong>.<br><br> More information on this issue, including the form of a possible complaint\ufeff can be found on the <a href=\"https:\/\/www.caa.gov.cz\/verejnost\/odepreni-nastupu-zpozdeni-nebo-zruseni-letu\/formular-stiznosti-cestujicich-v-letecke-doprave\/\" target=\"_blank\" rel=\"noreferrer noopener\" aria-label=\" (otev\u0159e se na nov\u00e9 z\u00e1lo\u017ece)\">Air passenger complaint form<\/a> page.<\/p>\n","protected":false},"excerpt":{"rendered":"<p>Regulation (EC) No 261\/2004 of the European Parliament and of the Council of 11 February 2004 establishing common rules on compensation and assistance to passengers in the event of denied boarding and of cancellation or long delay of flights, and repealing Regulation (EEC) No 295\/91 \u2013 lays down rules on the protection applied to passengers [&hellip;]<\/p>\n","protected":false},"author":147,"featured_media":0,"parent":16297,"menu_order":0,"comment_status":"closed","ping_status":"closed","template":"","meta":{"_acf_changed":false,"_oasis_is_in_workflow":0,"_oasis_original":0,"_oasis_task_priority":"","footnotes":""},"class_list":["post-16332","page","type-page","status-publish","hentry"],"acf":[],"yoast_head":"<!-- This site is optimized with the Yoast SEO plugin v27.5 - https:\/\/yoast.com\/product\/yoast-seo-wordpress\/ -->\n<title>Regulation (EC) No 261\/2004 of the European Parliament and of the Council - Civil Aviation Authority of the Czech Republic<\/title>\n<meta name=\"robots\" content=\"index, follow, max-snippet:-1, max-image-preview:large, max-video-preview:-1\" \/>\n<link rel=\"canonical\" href=\"https:\/\/www.caa.gov.cz\/en\/passengers\/denied-boarding-delay-or-cancellation-of-flight\/regulation-ec-no-261-2004-of-the-european-parliament-and-of-the-council\/\" \/>\n<meta property=\"og:locale\" content=\"en_US\" \/>\n<meta property=\"og:type\" content=\"article\" \/>\n<meta property=\"og:title\" content=\"Regulation (EC) No 261\/2004 of the European Parliament and of the Council - Civil Aviation Authority of the Czech Republic\" \/>\n<meta property=\"og:description\" content=\"Regulation (EC) No 261\/2004 of the European Parliament and of the Council of 11 February 2004 establishing common rules on compensation and assistance to passengers in the event of denied boarding and of cancellation or long delay of flights, and repealing Regulation (EEC) No 295\/91 \u2013 lays down rules on the protection applied to passengers [&hellip;]\" \/>\n<meta property=\"og:url\" content=\"https:\/\/www.caa.gov.cz\/en\/passengers\/denied-boarding-delay-or-cancellation-of-flight\/regulation-ec-no-261-2004-of-the-european-parliament-and-of-the-council\/\" \/>\n<meta property=\"og:site_name\" content=\"Civil Aviation Authority of the Czech Republic\" \/>\n<meta property=\"article:modified_time\" content=\"2024-06-17T12:55:09+00:00\" \/>\n<meta name=\"twitter:card\" content=\"summary_large_image\" \/>\n<script type=\"application\/ld+json\" class=\"yoast-schema-graph\">{\"@context\":\"https:\\\/\\\/schema.org\",\"@graph\":[{\"@type\":\"WebPage\",\"@id\":\"https:\\\/\\\/www.caa.gov.cz\\\/en\\\/passengers\\\/denied-boarding-delay-or-cancellation-of-flight\\\/regulation-ec-no-261-2004-of-the-european-parliament-and-of-the-council\\\/\",\"url\":\"https:\\\/\\\/www.caa.gov.cz\\\/en\\\/passengers\\\/denied-boarding-delay-or-cancellation-of-flight\\\/regulation-ec-no-261-2004-of-the-european-parliament-and-of-the-council\\\/\",\"name\":\"Regulation (EC) No 261\\\/2004 of the European Parliament and of the Council - Civil Aviation Authority of the Czech Republic\",\"isPartOf\":{\"@id\":\"https:\\\/\\\/www.caa.gov.cz\\\/#website\"},\"datePublished\":\"2019-07-17T22:34:32+00:00\",\"dateModified\":\"2024-06-17T12:55:09+00:00\",\"breadcrumb\":{\"@id\":\"https:\\\/\\\/www.caa.gov.cz\\\/en\\\/passengers\\\/denied-boarding-delay-or-cancellation-of-flight\\\/regulation-ec-no-261-2004-of-the-european-parliament-and-of-the-council\\\/#breadcrumb\"},\"inLanguage\":\"en-US\",\"potentialAction\":[{\"@type\":\"ReadAction\",\"target\":[\"https:\\\/\\\/www.caa.gov.cz\\\/en\\\/passengers\\\/denied-boarding-delay-or-cancellation-of-flight\\\/regulation-ec-no-261-2004-of-the-european-parliament-and-of-the-council\\\/\"]}]},{\"@type\":\"BreadcrumbList\",\"@id\":\"https:\\\/\\\/www.caa.gov.cz\\\/en\\\/passengers\\\/denied-boarding-delay-or-cancellation-of-flight\\\/regulation-ec-no-261-2004-of-the-european-parliament-and-of-the-council\\\/#breadcrumb\",\"itemListElement\":[{\"@type\":\"ListItem\",\"position\":1,\"name\":\"Dom\u016f\",\"item\":\"https:\\\/\\\/www.caa.gov.cz\\\/en\\\/\"},{\"@type\":\"ListItem\",\"position\":2,\"name\":\"Passengers\",\"item\":\"https:\\\/\\\/www.caa.gov.cz\\\/en\\\/passengers\\\/\"},{\"@type\":\"ListItem\",\"position\":3,\"name\":\"Denied boarding, delay or cancellation of flight\",\"item\":\"https:\\\/\\\/www.caa.gov.cz\\\/en\\\/passengers\\\/denied-boarding-delay-or-cancellation-of-flight\\\/\"},{\"@type\":\"ListItem\",\"position\":4,\"name\":\"Regulation (EC) No 261\\\/2004 of the European Parliament and of the Council\"}]},{\"@type\":\"WebSite\",\"@id\":\"https:\\\/\\\/www.caa.gov.cz\\\/#website\",\"url\":\"https:\\\/\\\/www.caa.gov.cz\\\/\",\"name\":\"Civil Aviation Authority of the Czech Republic\",\"description\":\"\",\"potentialAction\":[{\"@type\":\"SearchAction\",\"target\":{\"@type\":\"EntryPoint\",\"urlTemplate\":\"https:\\\/\\\/www.caa.gov.cz\\\/?s={search_term_string}\"},\"query-input\":{\"@type\":\"PropertyValueSpecification\",\"valueRequired\":true,\"valueName\":\"search_term_string\"}}],\"inLanguage\":\"en-US\"}]}<\/script>\n<!-- \/ Yoast SEO plugin. -->","yoast_head_json":{"title":"Regulation (EC) No 261\/2004 of the European Parliament and of the Council - Civil Aviation Authority of the Czech Republic","robots":{"index":"index","follow":"follow","max-snippet":"max-snippet:-1","max-image-preview":"max-image-preview:large","max-video-preview":"max-video-preview:-1"},"canonical":"https:\/\/www.caa.gov.cz\/en\/passengers\/denied-boarding-delay-or-cancellation-of-flight\/regulation-ec-no-261-2004-of-the-european-parliament-and-of-the-council\/","og_locale":"en_US","og_type":"article","og_title":"Regulation (EC) No 261\/2004 of the European Parliament and of the Council - Civil Aviation Authority of the Czech Republic","og_description":"Regulation (EC) No 261\/2004 of the European Parliament and of the Council of 11 February 2004 establishing common rules on compensation and assistance to passengers in the event of denied boarding and of cancellation or long delay of flights, and repealing Regulation (EEC) No 295\/91 \u2013 lays down rules on the protection applied to passengers [&hellip;]","og_url":"https:\/\/www.caa.gov.cz\/en\/passengers\/denied-boarding-delay-or-cancellation-of-flight\/regulation-ec-no-261-2004-of-the-european-parliament-and-of-the-council\/","og_site_name":"Civil Aviation Authority of the Czech Republic","article_modified_time":"2024-06-17T12:55:09+00:00","twitter_card":"summary_large_image","schema":{"@context":"https:\/\/schema.org","@graph":[{"@type":"WebPage","@id":"https:\/\/www.caa.gov.cz\/en\/passengers\/denied-boarding-delay-or-cancellation-of-flight\/regulation-ec-no-261-2004-of-the-european-parliament-and-of-the-council\/","url":"https:\/\/www.caa.gov.cz\/en\/passengers\/denied-boarding-delay-or-cancellation-of-flight\/regulation-ec-no-261-2004-of-the-european-parliament-and-of-the-council\/","name":"Regulation (EC) No 261\/2004 of the European Parliament and of the Council - Civil Aviation Authority of the Czech Republic","isPartOf":{"@id":"https:\/\/www.caa.gov.cz\/#website"},"datePublished":"2019-07-17T22:34:32+00:00","dateModified":"2024-06-17T12:55:09+00:00","breadcrumb":{"@id":"https:\/\/www.caa.gov.cz\/en\/passengers\/denied-boarding-delay-or-cancellation-of-flight\/regulation-ec-no-261-2004-of-the-european-parliament-and-of-the-council\/#breadcrumb"},"inLanguage":"en-US","potentialAction":[{"@type":"ReadAction","target":["https:\/\/www.caa.gov.cz\/en\/passengers\/denied-boarding-delay-or-cancellation-of-flight\/regulation-ec-no-261-2004-of-the-european-parliament-and-of-the-council\/"]}]},{"@type":"BreadcrumbList","@id":"https:\/\/www.caa.gov.cz\/en\/passengers\/denied-boarding-delay-or-cancellation-of-flight\/regulation-ec-no-261-2004-of-the-european-parliament-and-of-the-council\/#breadcrumb","itemListElement":[{"@type":"ListItem","position":1,"name":"Dom\u016f","item":"https:\/\/www.caa.gov.cz\/en\/"},{"@type":"ListItem","position":2,"name":"Passengers","item":"https:\/\/www.caa.gov.cz\/en\/passengers\/"},{"@type":"ListItem","position":3,"name":"Denied boarding, delay or cancellation of flight","item":"https:\/\/www.caa.gov.cz\/en\/passengers\/denied-boarding-delay-or-cancellation-of-flight\/"},{"@type":"ListItem","position":4,"name":"Regulation (EC) No 261\/2004 of the European Parliament and of the Council"}]},{"@type":"WebSite","@id":"https:\/\/www.caa.gov.cz\/#website","url":"https:\/\/www.caa.gov.cz\/","name":"Civil Aviation Authority of the Czech Republic","description":"","potentialAction":[{"@type":"SearchAction","target":{"@type":"EntryPoint","urlTemplate":"https:\/\/www.caa.gov.cz\/?s={search_term_string}"},"query-input":{"@type":"PropertyValueSpecification","valueRequired":true,"valueName":"search_term_string"}}],"inLanguage":"en-US"}]}},"publishpress_future_action":{"enabled":false,"date":"2026-05-06 22:24:12","action":"change-status","newStatus":"draft","terms":[],"taxonomy":"translation_priority","extraData":[]},"publishpress_future_workflow_manual_trigger":{"enabledWorkflows":[]},"_links":{"self":[{"href":"https:\/\/www.caa.gov.cz\/en\/wp-json\/wp\/v2\/pages\/16332","targetHints":{"allow":["GET"]}}],"collection":[{"href":"https:\/\/www.caa.gov.cz\/en\/wp-json\/wp\/v2\/pages"}],"about":[{"href":"https:\/\/www.caa.gov.cz\/en\/wp-json\/wp\/v2\/types\/page"}],"author":[{"embeddable":true,"href":"https:\/\/www.caa.gov.cz\/en\/wp-json\/wp\/v2\/users\/147"}],"replies":[{"embeddable":true,"href":"https:\/\/www.caa.gov.cz\/en\/wp-json\/wp\/v2\/comments?post=16332"}],"version-history":[{"count":2,"href":"https:\/\/www.caa.gov.cz\/en\/wp-json\/wp\/v2\/pages\/16332\/revisions"}],"predecessor-version":[{"id":16844,"href":"https:\/\/www.caa.gov.cz\/en\/wp-json\/wp\/v2\/pages\/16332\/revisions\/16844"}],"up":[{"embeddable":true,"href":"https:\/\/www.caa.gov.cz\/en\/wp-json\/wp\/v2\/pages\/16297"}],"wp:attachment":[{"href":"https:\/\/www.caa.gov.cz\/en\/wp-json\/wp\/v2\/media?parent=16332"}],"curies":[{"name":"wp","href":"https:\/\/api.w.org\/{rel}","templated":true}]}}