{"id":16301,"date":"2019-07-18T00:17:07","date_gmt":"2019-07-17T22:17:07","guid":{"rendered":"https:\/\/www.caa.cz\/?page_id=16301"},"modified":"2024-06-17T14:55:09","modified_gmt":"2024-06-17T12:55:09","slug":"disabled-persons-and-persons-with-reduced-mobility-travelling-by-air","status":"publish","type":"page","link":"https:\/\/www.caa.gov.cz\/en\/passengers\/disabled-persons-and-persons-with-reduced-mobility-travelling-by-air\/","title":{"rendered":"Disabled persons and persons with reduced mobility travelling by air"},"content":{"rendered":"\n<p><a href=\"https:\/\/www.caa.gov.cz\/en\/passengers\/disabled-persons-and-persons-with-reduced-mobility-travelling-by-air\/general-information\/\" target=\"_blank\" rel=\"noreferrer noopener\" aria-label=\" (otev\u0159e se na nov\u00e9 z\u00e1lo\u017ece)\">General information\ufeff<\/a><\/p>\n\n\n\n<p><a href=\"https:\/\/www.caa.gov.cz\/en\/passengers\/disabled-persons-and-persons-with-reduced-mobility-travelling-by-air\/regulation-ec-no-1107-2006-of-the-european-parliament-and-of-the-council\/\" target=\"_blank\" rel=\"noreferrer noopener\" aria-label=\" (otev\u0159e se na nov\u00e9 z\u00e1lo\u017ece)\"><br> Consolidated version of Regulation (EC) No 1107\/2006\ufeff<\/a><\/p>\n\n\n\n<p><strong><br>\nVideo guide for disabled persons and persons with reduced mobility\ufeff<\/strong><br>\nTo inform disabled persons and persons with reduced mobility who are going to use air transport, the European\nCommission created the video guide \u2013\ufeff <a href=\"http:\/\/ec.europa.eu\/dgs\/energy_transport\/videos\/transport\/2008_06_prm_en.htm\">&#8220;Air transport: new rights for people\nwith reduced mobility&#8221;\ufeff<\/a>.<\/p>\n","protected":false},"excerpt":{"rendered":"<p>General information\ufeff Consolidated version of Regulation (EC) No 1107\/2006\ufeff Video guide for disabled persons and persons with reduced mobility\ufeff To inform disabled persons and persons with reduced mobility who are going to use air transport, the European Commission created the video guide \u2013\ufeff &#8220;Air transport: new rights for people with reduced mobility&#8221;\ufeff.<\/p>\n","protected":false},"author":147,"featured_media":0,"parent":16231,"menu_order":0,"comment_status":"closed","ping_status":"closed","template":"","meta":{"_acf_changed":false,"_oasis_is_in_workflow":0,"_oasis_original":0,"_oasis_task_priority":"","footnotes":""},"class_list":["post-16301","page","type-page","status-publish","hentry"],"acf":[],"yoast_head":"<!-- This site is optimized with the Yoast SEO plugin v27.5 - https:\/\/yoast.com\/product\/yoast-seo-wordpress\/ -->\n<title>Disabled persons and persons with reduced mobility travelling by air - Civil Aviation Authority of the Czech Republic<\/title>\n<meta name=\"robots\" content=\"index, follow, max-snippet:-1, max-image-preview:large, max-video-preview:-1\" \/>\n<link rel=\"canonical\" href=\"https:\/\/www.caa.gov.cz\/en\/passengers\/disabled-persons-and-persons-with-reduced-mobility-travelling-by-air\/\" \/>\n<meta property=\"og:locale\" content=\"en_US\" \/>\n<meta property=\"og:type\" content=\"article\" \/>\n<meta property=\"og:title\" content=\"Disabled persons and persons with reduced mobility travelling by air - Civil Aviation Authority of the Czech Republic\" \/>\n<meta property=\"og:description\" content=\"General information\ufeff Consolidated version of Regulation (EC) No 1107\/2006\ufeff Video guide for disabled persons and persons with reduced mobility\ufeff To inform disabled persons and persons with reduced mobility who are going to use air transport, the European Commission created the video guide \u2013\ufeff &#8220;Air transport: new rights for people with reduced mobility&#8221;\ufeff.\" \/>\n<meta property=\"og:url\" content=\"https:\/\/www.caa.gov.cz\/en\/passengers\/disabled-persons-and-persons-with-reduced-mobility-travelling-by-air\/\" \/>\n<meta property=\"og:site_name\" content=\"Civil Aviation Authority of the Czech Republic\" \/>\n<meta property=\"article:modified_time\" content=\"2024-06-17T12:55:09+00:00\" \/>\n<meta name=\"twitter:card\" content=\"summary_large_image\" \/>\n<script type=\"application\/ld+json\" class=\"yoast-schema-graph\">{\"@context\":\"https:\\\/\\\/schema.org\",\"@graph\":[{\"@type\":\"WebPage\",\"@id\":\"https:\\\/\\\/www.caa.gov.cz\\\/en\\\/passengers\\\/disabled-persons-and-persons-with-reduced-mobility-travelling-by-air\\\/\",\"url\":\"https:\\\/\\\/www.caa.gov.cz\\\/en\\\/passengers\\\/disabled-persons-and-persons-with-reduced-mobility-travelling-by-air\\\/\",\"name\":\"Disabled persons and persons with reduced mobility travelling by air - Civil Aviation Authority of the Czech Republic\",\"isPartOf\":{\"@id\":\"https:\\\/\\\/www.caa.gov.cz\\\/#website\"},\"datePublished\":\"2019-07-17T22:17:07+00:00\",\"dateModified\":\"2024-06-17T12:55:09+00:00\",\"breadcrumb\":{\"@id\":\"https:\\\/\\\/www.caa.gov.cz\\\/en\\\/passengers\\\/disabled-persons-and-persons-with-reduced-mobility-travelling-by-air\\\/#breadcrumb\"},\"inLanguage\":\"en-US\",\"potentialAction\":[{\"@type\":\"ReadAction\",\"target\":[\"https:\\\/\\\/www.caa.gov.cz\\\/en\\\/passengers\\\/disabled-persons-and-persons-with-reduced-mobility-travelling-by-air\\\/\"]}]},{\"@type\":\"BreadcrumbList\",\"@id\":\"https:\\\/\\\/www.caa.gov.cz\\\/en\\\/passengers\\\/disabled-persons-and-persons-with-reduced-mobility-travelling-by-air\\\/#breadcrumb\",\"itemListElement\":[{\"@type\":\"ListItem\",\"position\":1,\"name\":\"Dom\u016f\",\"item\":\"https:\\\/\\\/www.caa.gov.cz\\\/en\\\/\"},{\"@type\":\"ListItem\",\"position\":2,\"name\":\"Passengers\",\"item\":\"https:\\\/\\\/www.caa.gov.cz\\\/en\\\/passengers\\\/\"},{\"@type\":\"ListItem\",\"position\":3,\"name\":\"Disabled persons and persons with reduced mobility travelling by air\"}]},{\"@type\":\"WebSite\",\"@id\":\"https:\\\/\\\/www.caa.gov.cz\\\/#website\",\"url\":\"https:\\\/\\\/www.caa.gov.cz\\\/\",\"name\":\"Civil Aviation Authority of the Czech Republic\",\"description\":\"\",\"potentialAction\":[{\"@type\":\"SearchAction\",\"target\":{\"@type\":\"EntryPoint\",\"urlTemplate\":\"https:\\\/\\\/www.caa.gov.cz\\\/?s={search_term_string}\"},\"query-input\":{\"@type\":\"PropertyValueSpecification\",\"valueRequired\":true,\"valueName\":\"search_term_string\"}}],\"inLanguage\":\"en-US\"}]}<\/script>\n<!-- \/ Yoast SEO plugin. -->","yoast_head_json":{"title":"Disabled persons and persons with reduced mobility travelling by air - Civil Aviation Authority of the Czech Republic","robots":{"index":"index","follow":"follow","max-snippet":"max-snippet:-1","max-image-preview":"max-image-preview:large","max-video-preview":"max-video-preview:-1"},"canonical":"https:\/\/www.caa.gov.cz\/en\/passengers\/disabled-persons-and-persons-with-reduced-mobility-travelling-by-air\/","og_locale":"en_US","og_type":"article","og_title":"Disabled persons and persons with reduced mobility travelling by air - Civil Aviation Authority of the Czech Republic","og_description":"General information\ufeff Consolidated version of Regulation (EC) No 1107\/2006\ufeff Video guide for disabled persons and persons with reduced mobility\ufeff To inform disabled persons and persons with reduced mobility who are going to use air transport, the European Commission created the video guide \u2013\ufeff &#8220;Air transport: new rights for people with reduced mobility&#8221;\ufeff.","og_url":"https:\/\/www.caa.gov.cz\/en\/passengers\/disabled-persons-and-persons-with-reduced-mobility-travelling-by-air\/","og_site_name":"Civil Aviation Authority of the Czech Republic","article_modified_time":"2024-06-17T12:55:09+00:00","twitter_card":"summary_large_image","schema":{"@context":"https:\/\/schema.org","@graph":[{"@type":"WebPage","@id":"https:\/\/www.caa.gov.cz\/en\/passengers\/disabled-persons-and-persons-with-reduced-mobility-travelling-by-air\/","url":"https:\/\/www.caa.gov.cz\/en\/passengers\/disabled-persons-and-persons-with-reduced-mobility-travelling-by-air\/","name":"Disabled persons and persons with reduced mobility travelling by air - Civil Aviation Authority of the Czech Republic","isPartOf":{"@id":"https:\/\/www.caa.gov.cz\/#website"},"datePublished":"2019-07-17T22:17:07+00:00","dateModified":"2024-06-17T12:55:09+00:00","breadcrumb":{"@id":"https:\/\/www.caa.gov.cz\/en\/passengers\/disabled-persons-and-persons-with-reduced-mobility-travelling-by-air\/#breadcrumb"},"inLanguage":"en-US","potentialAction":[{"@type":"ReadAction","target":["https:\/\/www.caa.gov.cz\/en\/passengers\/disabled-persons-and-persons-with-reduced-mobility-travelling-by-air\/"]}]},{"@type":"BreadcrumbList","@id":"https:\/\/www.caa.gov.cz\/en\/passengers\/disabled-persons-and-persons-with-reduced-mobility-travelling-by-air\/#breadcrumb","itemListElement":[{"@type":"ListItem","position":1,"name":"Dom\u016f","item":"https:\/\/www.caa.gov.cz\/en\/"},{"@type":"ListItem","position":2,"name":"Passengers","item":"https:\/\/www.caa.gov.cz\/en\/passengers\/"},{"@type":"ListItem","position":3,"name":"Disabled persons and persons with reduced mobility travelling by air"}]},{"@type":"WebSite","@id":"https:\/\/www.caa.gov.cz\/#website","url":"https:\/\/www.caa.gov.cz\/","name":"Civil Aviation Authority of the Czech Republic","description":"","potentialAction":[{"@type":"SearchAction","target":{"@type":"EntryPoint","urlTemplate":"https:\/\/www.caa.gov.cz\/?s={search_term_string}"},"query-input":{"@type":"PropertyValueSpecification","valueRequired":true,"valueName":"search_term_string"}}],"inLanguage":"en-US"}]}},"publishpress_future_action":{"enabled":false,"date":"2026-05-14 11:21:46","action":"change-status","newStatus":"draft","terms":[],"taxonomy":"translation_priority","extraData":[]},"publishpress_future_workflow_manual_trigger":{"enabledWorkflows":[]},"_links":{"self":[{"href":"https:\/\/www.caa.gov.cz\/en\/wp-json\/wp\/v2\/pages\/16301","targetHints":{"allow":["GET"]}}],"collection":[{"href":"https:\/\/www.caa.gov.cz\/en\/wp-json\/wp\/v2\/pages"}],"about":[{"href":"https:\/\/www.caa.gov.cz\/en\/wp-json\/wp\/v2\/types\/page"}],"author":[{"embeddable":true,"href":"https:\/\/www.caa.gov.cz\/en\/wp-json\/wp\/v2\/users\/147"}],"replies":[{"embeddable":true,"href":"https:\/\/www.caa.gov.cz\/en\/wp-json\/wp\/v2\/comments?post=16301"}],"version-history":[{"count":3,"href":"https:\/\/www.caa.gov.cz\/en\/wp-json\/wp\/v2\/pages\/16301\/revisions"}],"predecessor-version":[{"id":16360,"href":"https:\/\/www.caa.gov.cz\/en\/wp-json\/wp\/v2\/pages\/16301\/revisions\/16360"}],"up":[{"embeddable":true,"href":"https:\/\/www.caa.gov.cz\/en\/wp-json\/wp\/v2\/pages\/16231"}],"wp:attachment":[{"href":"https:\/\/www.caa.gov.cz\/en\/wp-json\/wp\/v2\/media?parent=16301"}],"curies":[{"name":"wp","href":"https:\/\/api.w.org\/{rel}","templated":true}]}}