{"id":16297,"date":"2019-07-18T00:16:11","date_gmt":"2019-07-17T22:16:11","guid":{"rendered":"https:\/\/www.caa.cz\/?page_id=16297"},"modified":"2024-06-17T14:55:08","modified_gmt":"2024-06-17T12:55:08","slug":"denied-boarding-delay-or-cancellation-of-flight","status":"publish","type":"page","link":"https:\/\/www.caa.gov.cz\/en\/passengers\/denied-boarding-delay-or-cancellation-of-flight\/","title":{"rendered":"Denied boarding, delay or cancellation of flight"},"content":{"rendered":"\n<p><strong><a href=\"https:\/\/www.caa.gov.cz\/en\/passengers\/denied-boarding-delay-or-cancellation-of-flight\/general-information\/\" target=\"_blank\" rel=\"noreferrer noopener\">General information<\/a><br> <br><a aria-label=\" (otev\u0159e se na nov\u00e9 z\u00e1lo\u017ece)\" href=\"https:\/\/www.caa.gov.cz\/en\/passengers\/denied-boarding-delay-or-cancellation-of-flight\/air-passenger-complaint-form\/\" target=\"_blank\" rel=\"noreferrer noopener\">Air passenger complaint form<\/a><\/strong><\/p>\n\n\n\n<p><strong><a aria-label=\" (otev\u0159e se na nov\u00e9 z\u00e1lo\u017ece)\" href=\"https:\/\/www.caa.gov.cz\/en\/passengers\/denied-boarding-delay-or-cancellation-of-flight\/regulation-ec-no-261-2004-of-the-european-parliament-and-of-the-council\/\" target=\"_blank\" rel=\"noreferrer noopener\">Consolidated version of Regulation (EC) No 261\/2004<\/a><\/strong><\/p>\n\n\n\n<p><a href=\"https:\/\/europa.eu\/youreurope\/citizens\/travel\/passenger-rights\/air\/index_en.htm\">Air passenger rights on the website of the European Union<\/a><\/p>\n\n\n\n<p><a id=\"_msocom_1\"><\/a><\/p>\n\n\n\n<p>\u00a0<\/p>\n","protected":false},"excerpt":{"rendered":"<p>General information Air passenger complaint form Consolidated version of Regulation (EC) No 261\/2004 Air passenger rights on the website of the European Union \u00a0<\/p>\n","protected":false},"author":147,"featured_media":0,"parent":16231,"menu_order":0,"comment_status":"closed","ping_status":"closed","template":"","meta":{"_acf_changed":false,"_oasis_is_in_workflow":0,"_oasis_original":0,"_oasis_task_priority":"","footnotes":""},"class_list":["post-16297","page","type-page","status-publish","hentry"],"acf":[],"yoast_head":"<!-- This site is optimized with the Yoast SEO plugin v27.5 - https:\/\/yoast.com\/product\/yoast-seo-wordpress\/ -->\n<title>Denied boarding, delay or cancellation of flight - Civil Aviation Authority of the Czech Republic<\/title>\n<meta name=\"robots\" content=\"index, follow, max-snippet:-1, max-image-preview:large, max-video-preview:-1\" \/>\n<link rel=\"canonical\" href=\"https:\/\/www.caa.gov.cz\/en\/passengers\/denied-boarding-delay-or-cancellation-of-flight\/\" \/>\n<meta property=\"og:locale\" content=\"en_US\" \/>\n<meta property=\"og:type\" content=\"article\" \/>\n<meta property=\"og:title\" content=\"Denied boarding, delay or cancellation of flight - Civil Aviation Authority of the Czech Republic\" \/>\n<meta property=\"og:description\" content=\"General information Air passenger complaint form Consolidated version of Regulation (EC) No 261\/2004 Air passenger rights on the website of the European Union \u00a0\" \/>\n<meta property=\"og:url\" content=\"https:\/\/www.caa.gov.cz\/en\/passengers\/denied-boarding-delay-or-cancellation-of-flight\/\" \/>\n<meta property=\"og:site_name\" content=\"Civil Aviation Authority of the Czech Republic\" \/>\n<meta property=\"article:modified_time\" content=\"2024-06-17T12:55:08+00:00\" \/>\n<meta name=\"twitter:card\" content=\"summary_large_image\" \/>\n<meta name=\"twitter:label1\" content=\"Est. reading time\" \/>\n\t<meta name=\"twitter:data1\" content=\"1 minute\" \/>\n<script type=\"application\/ld+json\" class=\"yoast-schema-graph\">{\"@context\":\"https:\\\/\\\/schema.org\",\"@graph\":[{\"@type\":\"WebPage\",\"@id\":\"https:\\\/\\\/www.caa.gov.cz\\\/en\\\/passengers\\\/denied-boarding-delay-or-cancellation-of-flight\\\/\",\"url\":\"https:\\\/\\\/www.caa.gov.cz\\\/en\\\/passengers\\\/denied-boarding-delay-or-cancellation-of-flight\\\/\",\"name\":\"Denied boarding, delay or cancellation of flight - Civil Aviation Authority of the Czech Republic\",\"isPartOf\":{\"@id\":\"https:\\\/\\\/www.caa.gov.cz\\\/#website\"},\"datePublished\":\"2019-07-17T22:16:11+00:00\",\"dateModified\":\"2024-06-17T12:55:08+00:00\",\"breadcrumb\":{\"@id\":\"https:\\\/\\\/www.caa.gov.cz\\\/en\\\/passengers\\\/denied-boarding-delay-or-cancellation-of-flight\\\/#breadcrumb\"},\"inLanguage\":\"en-US\",\"potentialAction\":[{\"@type\":\"ReadAction\",\"target\":[\"https:\\\/\\\/www.caa.gov.cz\\\/en\\\/passengers\\\/denied-boarding-delay-or-cancellation-of-flight\\\/\"]}]},{\"@type\":\"BreadcrumbList\",\"@id\":\"https:\\\/\\\/www.caa.gov.cz\\\/en\\\/passengers\\\/denied-boarding-delay-or-cancellation-of-flight\\\/#breadcrumb\",\"itemListElement\":[{\"@type\":\"ListItem\",\"position\":1,\"name\":\"Dom\u016f\",\"item\":\"https:\\\/\\\/www.caa.gov.cz\\\/en\\\/\"},{\"@type\":\"ListItem\",\"position\":2,\"name\":\"Passengers\",\"item\":\"https:\\\/\\\/www.caa.gov.cz\\\/en\\\/passengers\\\/\"},{\"@type\":\"ListItem\",\"position\":3,\"name\":\"Denied boarding, delay or cancellation of flight\"}]},{\"@type\":\"WebSite\",\"@id\":\"https:\\\/\\\/www.caa.gov.cz\\\/#website\",\"url\":\"https:\\\/\\\/www.caa.gov.cz\\\/\",\"name\":\"Civil Aviation Authority of the Czech Republic\",\"description\":\"\",\"potentialAction\":[{\"@type\":\"SearchAction\",\"target\":{\"@type\":\"EntryPoint\",\"urlTemplate\":\"https:\\\/\\\/www.caa.gov.cz\\\/?s={search_term_string}\"},\"query-input\":{\"@type\":\"PropertyValueSpecification\",\"valueRequired\":true,\"valueName\":\"search_term_string\"}}],\"inLanguage\":\"en-US\"}]}<\/script>\n<!-- \/ Yoast SEO plugin. -->","yoast_head_json":{"title":"Denied boarding, delay or cancellation of flight - Civil Aviation Authority of the Czech Republic","robots":{"index":"index","follow":"follow","max-snippet":"max-snippet:-1","max-image-preview":"max-image-preview:large","max-video-preview":"max-video-preview:-1"},"canonical":"https:\/\/www.caa.gov.cz\/en\/passengers\/denied-boarding-delay-or-cancellation-of-flight\/","og_locale":"en_US","og_type":"article","og_title":"Denied boarding, delay or cancellation of flight - Civil Aviation Authority of the Czech Republic","og_description":"General information Air passenger complaint form Consolidated version of Regulation (EC) No 261\/2004 Air passenger rights on the website of the European Union \u00a0","og_url":"https:\/\/www.caa.gov.cz\/en\/passengers\/denied-boarding-delay-or-cancellation-of-flight\/","og_site_name":"Civil Aviation Authority of the Czech Republic","article_modified_time":"2024-06-17T12:55:08+00:00","twitter_card":"summary_large_image","twitter_misc":{"Est. reading time":"1 minute"},"schema":{"@context":"https:\/\/schema.org","@graph":[{"@type":"WebPage","@id":"https:\/\/www.caa.gov.cz\/en\/passengers\/denied-boarding-delay-or-cancellation-of-flight\/","url":"https:\/\/www.caa.gov.cz\/en\/passengers\/denied-boarding-delay-or-cancellation-of-flight\/","name":"Denied boarding, delay or cancellation of flight - Civil Aviation Authority of the Czech Republic","isPartOf":{"@id":"https:\/\/www.caa.gov.cz\/#website"},"datePublished":"2019-07-17T22:16:11+00:00","dateModified":"2024-06-17T12:55:08+00:00","breadcrumb":{"@id":"https:\/\/www.caa.gov.cz\/en\/passengers\/denied-boarding-delay-or-cancellation-of-flight\/#breadcrumb"},"inLanguage":"en-US","potentialAction":[{"@type":"ReadAction","target":["https:\/\/www.caa.gov.cz\/en\/passengers\/denied-boarding-delay-or-cancellation-of-flight\/"]}]},{"@type":"BreadcrumbList","@id":"https:\/\/www.caa.gov.cz\/en\/passengers\/denied-boarding-delay-or-cancellation-of-flight\/#breadcrumb","itemListElement":[{"@type":"ListItem","position":1,"name":"Dom\u016f","item":"https:\/\/www.caa.gov.cz\/en\/"},{"@type":"ListItem","position":2,"name":"Passengers","item":"https:\/\/www.caa.gov.cz\/en\/passengers\/"},{"@type":"ListItem","position":3,"name":"Denied boarding, delay or cancellation of flight"}]},{"@type":"WebSite","@id":"https:\/\/www.caa.gov.cz\/#website","url":"https:\/\/www.caa.gov.cz\/","name":"Civil Aviation Authority of the Czech Republic","description":"","potentialAction":[{"@type":"SearchAction","target":{"@type":"EntryPoint","urlTemplate":"https:\/\/www.caa.gov.cz\/?s={search_term_string}"},"query-input":{"@type":"PropertyValueSpecification","valueRequired":true,"valueName":"search_term_string"}}],"inLanguage":"en-US"}]}},"publishpress_future_action":{"enabled":false,"date":"2026-05-14 11:30:53","action":"change-status","newStatus":"draft","terms":[],"taxonomy":"translation_priority","extraData":[]},"publishpress_future_workflow_manual_trigger":{"enabledWorkflows":[]},"_links":{"self":[{"href":"https:\/\/www.caa.gov.cz\/en\/wp-json\/wp\/v2\/pages\/16297","targetHints":{"allow":["GET"]}}],"collection":[{"href":"https:\/\/www.caa.gov.cz\/en\/wp-json\/wp\/v2\/pages"}],"about":[{"href":"https:\/\/www.caa.gov.cz\/en\/wp-json\/wp\/v2\/types\/page"}],"author":[{"embeddable":true,"href":"https:\/\/www.caa.gov.cz\/en\/wp-json\/wp\/v2\/users\/147"}],"replies":[{"embeddable":true,"href":"https:\/\/www.caa.gov.cz\/en\/wp-json\/wp\/v2\/comments?post=16297"}],"version-history":[{"count":7,"href":"https:\/\/www.caa.gov.cz\/en\/wp-json\/wp\/v2\/pages\/16297\/revisions"}],"predecessor-version":[{"id":38224,"href":"https:\/\/www.caa.gov.cz\/en\/wp-json\/wp\/v2\/pages\/16297\/revisions\/38224"}],"up":[{"embeddable":true,"href":"https:\/\/www.caa.gov.cz\/en\/wp-json\/wp\/v2\/pages\/16231"}],"wp:attachment":[{"href":"https:\/\/www.caa.gov.cz\/en\/wp-json\/wp\/v2\/media?parent=16297"}],"curies":[{"name":"wp","href":"https:\/\/api.w.org\/{rel}","templated":true}]}}