{"id":16285,"date":"2019-06-26T09:37:03","date_gmt":"2019-06-26T07:37:03","guid":{"rendered":"https:\/\/www.caa.cz\/prehled-platnych-typovych-osvedceni\/"},"modified":"2019-07-18T00:50:02","modified_gmt":"2019-07-17T22:50:02","slug":"prehled-platnych-typovych-osvedceni","status":"publish","type":"page","link":"https:\/\/www.caa.gov.cz\/en\/aircraft\/prehled-platnych-typovych-osvedceni\/","title":{"rendered":"P\u0159ehled platn\u00fdch typov\u00fdch osv\u011bd\u010den\u00ed"},"content":{"rendered":"\n<h3 class=\"wp-block-heading\">P\u0159ehled platn\u00fdch Typov\u00fdch osv\u011bd\u010den\u00ed vydan\u00fdch \u00daCL \u010cR<br>List of Type Certificate issued by the CAA CZ<\/h3>\n\n\n\n<ul class=\"wp-block-list\"><li><a href=\"https:\/\/www.caa.gov.cz\/letadlova-technika\/typova-zpusobilost-a-zmeny-navrhu\/prehled-platnych-typovych-osvedceni\/letadla-kluzaky-balony-aircraft-sailplanes-balloons\/\">LETADLA, KLUZ\u00c1KY, BAL\u00d3NY\/AIRCRAFT, SAILPLANES, BALLOONS<\/a><\/li><li><a href=\"https:\/\/www.caa.gov.cz\/letadlova-technika\/typova-zpusobilost-a-zmeny-navrhu\/prehled-platnych-typovych-osvedceni\/motory-vrtule-engines-propellers\/\">MOTORY, VRTULE\/ ENGINES, PROPELLERS<\/a><\/li><li><a href=\"https:\/\/www.caa.gov.cz\/wp-content\/uploads\/2019\/07\/Seznam_STC-1.pdf\" class=\"mtli_attachment mtli_pdf\">SEZNAM STC vydan\u00fdch \u00daCL \u010cR pod n\u00e1rodn\u00ed legislativou<\/a><\/li><\/ul>\n\n\n\n<p>Stav k 20.&nbsp;7.&nbsp;2011<\/p>\n\n\n\n<h3 class=\"wp-block-heading\">Validovan\u00e9 typy letadel<\/h3>\n\n\n\n<div class=\"table-responsive\"><table class=\"wp-block-table\"><tbody><tr><td>Typ<\/td><td>P\u016fvodn\u00ed (validovan\u00fd) dokument<\/td><td>Dokument \u00daCL<\/td><\/tr><tr><td>PZL An-2<\/td><td>CAA Poland TCDS BB-035\/3\/2, Vyd\u00e1n\u00ed III,<br>30. 3. 2008<\/td><td>UZT-99, 07\/04\/09<\/td><\/tr><tr><td>Schleicher Rh\u00f6\ufeffnlerche II<\/td><td>LBA Segelflugzeug-Kennblatt Ger\u00e4\ufeffte-Nr. L-164,<br>Ausgabe 1, 31. 10. 1959<\/td><td>UZT-100, 05\/04\/12<\/td><\/tr><tr><td>Piper J4A<\/td><td>FAA TCDS No. A-703, Revision 5,<br>August 7, 2006<\/td><td>UZT-101, 29\/06\/12<\/td><\/tr><tr><td>Piper Cub J3C-65 \/ L-4\ufeff<\/td><td>FAA TCDS A-691, Revision 34, March 8, 2011\ufeff<\/td><td>UZT-102, 15\/07\/2014\ufeff<\/td><\/tr><tr><td>Piper PA-18 \u201e150\u201c\ufeff<\/td><td>FAA TCDS No. 1A2, Revision 38, August 7, 2006\ufeff<\/td><td>UZT-103, 18\/06\/201\ufeff5<\/td><\/tr><tr><td>Beechcraft C-45H\ufeff<\/td><td>FAA TCDS A-765, Revision 76, September 23, 2013\ufeff<\/td><td>UZT-104, 07\/10\/2016\ufeff<\/td><\/tr><tr><td>Bellanca 7GCBC\ufeff<\/td><td>FAA TCDS A-759, Revision 73, February 9, 2011\ufeff<\/td><td>UZT-105, 17\/07\/2017\ufeff<\/td><\/tr><\/tbody><\/table><\/div>\n","protected":false},"excerpt":{"rendered":"<p>P\u0159ehled platn\u00fdch Typov\u00fdch osv\u011bd\u010den\u00ed vydan\u00fdch \u00daCL \u010cRList of Type Certificate issued by the CAA CZ LETADLA, KLUZ\u00c1KY, BAL\u00d3NY\/AIRCRAFT, SAILPLANES, BALLOONS MOTORY, VRTULE\/ ENGINES, PROPELLERS SEZNAM STC vydan\u00fdch \u00daCL \u010cR pod n\u00e1rodn\u00ed legislativou Stav k 20.&nbsp;7.&nbsp;2011 Validovan\u00e9 typy letadel Typ P\u016fvodn\u00ed (validovan\u00fd) dokument Dokument \u00daCL PZL An-2 CAA Poland TCDS BB-035\/3\/2, Vyd\u00e1n\u00ed III,30. 3. 2008 UZT-99, [&hellip;]<\/p>\n","protected":false},"author":11,"featured_media":0,"parent":16275,"menu_order":0,"comment_status":"closed","ping_status":"closed","template":"","meta":{"_acf_changed":false,"_oasis_is_in_workflow":0,"_oasis_original":0,"_oasis_task_priority":"","footnotes":""},"class_list":["post-16285","page","type-page","status-publish","hentry"],"acf":[],"yoast_head":"<!-- This site is optimized with the Yoast SEO plugin v27.5 - https:\/\/yoast.com\/product\/yoast-seo-wordpress\/ -->\n<title>P\u0159ehled platn\u00fdch typov\u00fdch osv\u011bd\u010den\u00ed - Civil Aviation Authority of the Czech Republic<\/title>\n<meta name=\"robots\" content=\"index, follow, max-snippet:-1, max-image-preview:large, max-video-preview:-1\" \/>\n<link rel=\"canonical\" href=\"https:\/\/www.caa.gov.cz\/en\/aircraft\/prehled-platnych-typovych-osvedceni\/\" \/>\n<meta property=\"og:locale\" content=\"en_US\" \/>\n<meta property=\"og:type\" content=\"article\" \/>\n<meta property=\"og:title\" content=\"P\u0159ehled platn\u00fdch typov\u00fdch osv\u011bd\u010den\u00ed - Civil Aviation Authority of the Czech Republic\" \/>\n<meta property=\"og:description\" content=\"P\u0159ehled platn\u00fdch Typov\u00fdch osv\u011bd\u010den\u00ed vydan\u00fdch \u00daCL \u010cRList of Type Certificate issued by the CAA CZ LETADLA, KLUZ\u00c1KY, BAL\u00d3NY\/AIRCRAFT, SAILPLANES, BALLOONS MOTORY, VRTULE\/ ENGINES, PROPELLERS SEZNAM STC vydan\u00fdch \u00daCL \u010cR pod n\u00e1rodn\u00ed legislativou Stav k 20.&nbsp;7.&nbsp;2011 Validovan\u00e9 typy letadel Typ P\u016fvodn\u00ed (validovan\u00fd) dokument Dokument \u00daCL PZL An-2 CAA Poland TCDS BB-035\/3\/2, Vyd\u00e1n\u00ed III,30. 3. 2008 UZT-99, [&hellip;]\" \/>\n<meta property=\"og:url\" content=\"https:\/\/www.caa.gov.cz\/en\/aircraft\/prehled-platnych-typovych-osvedceni\/\" \/>\n<meta property=\"og:site_name\" content=\"Civil Aviation Authority of the Czech Republic\" \/>\n<meta property=\"article:modified_time\" content=\"2019-07-17T22:50:02+00:00\" \/>\n<meta name=\"twitter:card\" content=\"summary_large_image\" \/>\n<meta name=\"twitter:label1\" content=\"Est. reading time\" \/>\n\t<meta name=\"twitter:data1\" content=\"1 minute\" \/>\n<script type=\"application\/ld+json\" class=\"yoast-schema-graph\">{\"@context\":\"https:\\\/\\\/schema.org\",\"@graph\":[{\"@type\":\"WebPage\",\"@id\":\"https:\\\/\\\/www.caa.gov.cz\\\/en\\\/aircraft\\\/prehled-platnych-typovych-osvedceni\\\/\",\"url\":\"https:\\\/\\\/www.caa.gov.cz\\\/en\\\/aircraft\\\/prehled-platnych-typovych-osvedceni\\\/\",\"name\":\"P\u0159ehled platn\u00fdch typov\u00fdch osv\u011bd\u010den\u00ed - Civil Aviation Authority of the Czech Republic\",\"isPartOf\":{\"@id\":\"https:\\\/\\\/www.caa.gov.cz\\\/#website\"},\"datePublished\":\"2019-06-26T07:37:03+00:00\",\"dateModified\":\"2019-07-17T22:50:02+00:00\",\"breadcrumb\":{\"@id\":\"https:\\\/\\\/www.caa.gov.cz\\\/en\\\/aircraft\\\/prehled-platnych-typovych-osvedceni\\\/#breadcrumb\"},\"inLanguage\":\"en-US\",\"potentialAction\":[{\"@type\":\"ReadAction\",\"target\":[\"https:\\\/\\\/www.caa.gov.cz\\\/en\\\/aircraft\\\/prehled-platnych-typovych-osvedceni\\\/\"]}]},{\"@type\":\"BreadcrumbList\",\"@id\":\"https:\\\/\\\/www.caa.gov.cz\\\/en\\\/aircraft\\\/prehled-platnych-typovych-osvedceni\\\/#breadcrumb\",\"itemListElement\":[{\"@type\":\"ListItem\",\"position\":1,\"name\":\"Dom\u016f\",\"item\":\"https:\\\/\\\/www.caa.gov.cz\\\/en\\\/\"},{\"@type\":\"ListItem\",\"position\":2,\"name\":\"Aircraft\",\"item\":\"https:\\\/\\\/www.caa.gov.cz\\\/en\\\/aircraft\\\/\"},{\"@type\":\"ListItem\",\"position\":3,\"name\":\"P\u0159ehled platn\u00fdch typov\u00fdch osv\u011bd\u010den\u00ed\"}]},{\"@type\":\"WebSite\",\"@id\":\"https:\\\/\\\/www.caa.gov.cz\\\/#website\",\"url\":\"https:\\\/\\\/www.caa.gov.cz\\\/\",\"name\":\"Civil Aviation Authority of the Czech Republic\",\"description\":\"\",\"potentialAction\":[{\"@type\":\"SearchAction\",\"target\":{\"@type\":\"EntryPoint\",\"urlTemplate\":\"https:\\\/\\\/www.caa.gov.cz\\\/?s={search_term_string}\"},\"query-input\":{\"@type\":\"PropertyValueSpecification\",\"valueRequired\":true,\"valueName\":\"search_term_string\"}}],\"inLanguage\":\"en-US\"}]}<\/script>\n<!-- \/ Yoast SEO plugin. -->","yoast_head_json":{"title":"P\u0159ehled platn\u00fdch typov\u00fdch osv\u011bd\u010den\u00ed - Civil Aviation Authority of the Czech Republic","robots":{"index":"index","follow":"follow","max-snippet":"max-snippet:-1","max-image-preview":"max-image-preview:large","max-video-preview":"max-video-preview:-1"},"canonical":"https:\/\/www.caa.gov.cz\/en\/aircraft\/prehled-platnych-typovych-osvedceni\/","og_locale":"en_US","og_type":"article","og_title":"P\u0159ehled platn\u00fdch typov\u00fdch osv\u011bd\u010den\u00ed - Civil Aviation Authority of the Czech Republic","og_description":"P\u0159ehled platn\u00fdch Typov\u00fdch osv\u011bd\u010den\u00ed vydan\u00fdch \u00daCL \u010cRList of Type Certificate issued by the CAA CZ LETADLA, KLUZ\u00c1KY, BAL\u00d3NY\/AIRCRAFT, SAILPLANES, BALLOONS MOTORY, VRTULE\/ ENGINES, PROPELLERS SEZNAM STC vydan\u00fdch \u00daCL \u010cR pod n\u00e1rodn\u00ed legislativou Stav k 20.&nbsp;7.&nbsp;2011 Validovan\u00e9 typy letadel Typ P\u016fvodn\u00ed (validovan\u00fd) dokument Dokument \u00daCL PZL An-2 CAA Poland TCDS BB-035\/3\/2, Vyd\u00e1n\u00ed III,30. 3. 2008 UZT-99, [&hellip;]","og_url":"https:\/\/www.caa.gov.cz\/en\/aircraft\/prehled-platnych-typovych-osvedceni\/","og_site_name":"Civil Aviation Authority of the Czech Republic","article_modified_time":"2019-07-17T22:50:02+00:00","twitter_card":"summary_large_image","twitter_misc":{"Est. reading time":"1 minute"},"schema":{"@context":"https:\/\/schema.org","@graph":[{"@type":"WebPage","@id":"https:\/\/www.caa.gov.cz\/en\/aircraft\/prehled-platnych-typovych-osvedceni\/","url":"https:\/\/www.caa.gov.cz\/en\/aircraft\/prehled-platnych-typovych-osvedceni\/","name":"P\u0159ehled platn\u00fdch typov\u00fdch osv\u011bd\u010den\u00ed - Civil Aviation Authority of the Czech Republic","isPartOf":{"@id":"https:\/\/www.caa.gov.cz\/#website"},"datePublished":"2019-06-26T07:37:03+00:00","dateModified":"2019-07-17T22:50:02+00:00","breadcrumb":{"@id":"https:\/\/www.caa.gov.cz\/en\/aircraft\/prehled-platnych-typovych-osvedceni\/#breadcrumb"},"inLanguage":"en-US","potentialAction":[{"@type":"ReadAction","target":["https:\/\/www.caa.gov.cz\/en\/aircraft\/prehled-platnych-typovych-osvedceni\/"]}]},{"@type":"BreadcrumbList","@id":"https:\/\/www.caa.gov.cz\/en\/aircraft\/prehled-platnych-typovych-osvedceni\/#breadcrumb","itemListElement":[{"@type":"ListItem","position":1,"name":"Dom\u016f","item":"https:\/\/www.caa.gov.cz\/en\/"},{"@type":"ListItem","position":2,"name":"Aircraft","item":"https:\/\/www.caa.gov.cz\/en\/aircraft\/"},{"@type":"ListItem","position":3,"name":"P\u0159ehled platn\u00fdch typov\u00fdch osv\u011bd\u010den\u00ed"}]},{"@type":"WebSite","@id":"https:\/\/www.caa.gov.cz\/#website","url":"https:\/\/www.caa.gov.cz\/","name":"Civil Aviation Authority of the Czech Republic","description":"","potentialAction":[{"@type":"SearchAction","target":{"@type":"EntryPoint","urlTemplate":"https:\/\/www.caa.gov.cz\/?s={search_term_string}"},"query-input":{"@type":"PropertyValueSpecification","valueRequired":true,"valueName":"search_term_string"}}],"inLanguage":"en-US"}]}},"publishpress_future_action":{"enabled":false,"date":"2026-05-08 09:33:37","action":"change-status","newStatus":"draft","terms":[],"taxonomy":"translation_priority","extraData":[]},"publishpress_future_workflow_manual_trigger":{"enabledWorkflows":[]},"_links":{"self":[{"href":"https:\/\/www.caa.gov.cz\/en\/wp-json\/wp\/v2\/pages\/16285","targetHints":{"allow":["GET"]}}],"collection":[{"href":"https:\/\/www.caa.gov.cz\/en\/wp-json\/wp\/v2\/pages"}],"about":[{"href":"https:\/\/www.caa.gov.cz\/en\/wp-json\/wp\/v2\/types\/page"}],"author":[{"embeddable":true,"href":"https:\/\/www.caa.gov.cz\/en\/wp-json\/wp\/v2\/users\/11"}],"replies":[{"embeddable":true,"href":"https:\/\/www.caa.gov.cz\/en\/wp-json\/wp\/v2\/comments?post=16285"}],"version-history":[{"count":1,"href":"https:\/\/www.caa.gov.cz\/en\/wp-json\/wp\/v2\/pages\/16285\/revisions"}],"predecessor-version":[{"id":16339,"href":"https:\/\/www.caa.gov.cz\/en\/wp-json\/wp\/v2\/pages\/16285\/revisions\/16339"}],"up":[{"embeddable":true,"href":"https:\/\/www.caa.gov.cz\/en\/wp-json\/wp\/v2\/pages\/16275"}],"wp:attachment":[{"href":"https:\/\/www.caa.gov.cz\/en\/wp-json\/wp\/v2\/media?parent=16285"}],"curies":[{"name":"wp","href":"https:\/\/api.w.org\/{rel}","templated":true}]}}