{"id":16271,"date":"2019-07-18T00:02:11","date_gmt":"2019-07-17T22:02:11","guid":{"rendered":"https:\/\/www.caa.cz\/?page_id=16271"},"modified":"2019-09-11T09:05:41","modified_gmt":"2019-09-11T07:05:41","slug":"approved-organisations-for-maintenance-continuing-airworthiness-and-production-of-aircraft-aeronautical-products-parts-and-appliances","status":"publish","type":"page","link":"https:\/\/www.caa.gov.cz\/en\/aircraft\/approved-organisations-for-maintenance-continuing-airworthiness-and-production-of-aircraft-aeronautical-products-parts-and-appliances\/","title":{"rendered":"Approved Organisations for Maintenance, Continuing Airworthiness and Production of Aircraft, Aeronautical Products, Parts and Appliances"},"content":{"rendered":"\n<h3 class=\"wp-block-heading\">The list of Organisations approved according to:<\/h3>\n\n\n\n<p><a rel=\"noreferrer noopener\" aria-label=\" (otev\u0159e se na nov\u00e9 z\u00e1lo\u017ece)\" href=\"https:\/\/www.caa.gov.cz\/letadlova-technika\/opravnovani-poverovani-organizaci-a-osob\/seznam-vydanych-opravneni-k-vyrobe-podle-predpisu-cast-21-hlava-g\/\" target=\"_blank\">PART 21, Subpart G<\/a><br> <br> <a rel=\"noreferrer noopener\" aria-label=\" (otev\u0159e se na nov\u00e9 z\u00e1lo\u017ece)\" href=\"https:\/\/www.caa.gov.cz\/letadlova-technika\/opravnovani-poverovani-organizaci-a-osob\/seznam-vydanych-opravneni-k-udrzbe-podle-casti-145\/\" target=\"_blank\">PART 145<\/a><br> <br> <a rel=\"noreferrer noopener\" aria-label=\" (otev\u0159e se na nov\u00e9 z\u00e1lo\u017ece)\" href=\"https:\/\/www.caa.gov.cz\/letadlova-technika\/opravnovani-poverovani-organizaci-a-osob\/seznam-vydanych-opravneni-k-rizeni-zachovani-letove-zpusobilosti-podle-casti-m-oddilu-a-hlavy-g\/\" target=\"_blank\">PART M, Subpart G<\/a><br> <br> <a href=\"https:\/\/www.caa.gov.cz\/letadlova-technika\/opravnovani-poverovani-organizaci-a-osob\/prehled-vydanych-opravneni-k-udrzbe-podle-casti-m-oddilu-a-hlavy-f\/\" target=\"_blank\" rel=\"noreferrer noopener\" aria-label=\" (otev\u0159e se na nov\u00e9 z\u00e1lo\u017ece)\">PART M, Subpart F<\/a><\/p>\n","protected":false},"excerpt":{"rendered":"<p>The list of Organisations approved according to: PART 21, Subpart G PART 145 PART M, Subpart G PART M, Subpart F<\/p>\n","protected":false},"author":19,"featured_media":0,"parent":16275,"menu_order":0,"comment_status":"closed","ping_status":"closed","template":"","meta":{"_acf_changed":false,"_oasis_is_in_workflow":0,"_oasis_original":0,"_oasis_task_priority":"","footnotes":""},"class_list":["post-16271","page","type-page","status-publish","hentry"],"acf":[],"yoast_head":"<!-- This site is optimized with the Yoast SEO plugin v27.5 - https:\/\/yoast.com\/product\/yoast-seo-wordpress\/ -->\n<title>Approved Organisations for Maintenance, Continuing Airworthiness and Production of Aircraft, Aeronautical Products, Parts and Appliances - Civil Aviation Authority of the Czech Republic<\/title>\n<meta name=\"robots\" content=\"index, follow, max-snippet:-1, max-image-preview:large, max-video-preview:-1\" \/>\n<link rel=\"canonical\" href=\"https:\/\/www.caa.gov.cz\/en\/aircraft\/approved-organisations-for-maintenance-continuing-airworthiness-and-production-of-aircraft-aeronautical-products-parts-and-appliances\/\" \/>\n<meta property=\"og:locale\" content=\"en_US\" \/>\n<meta property=\"og:type\" content=\"article\" \/>\n<meta property=\"og:title\" content=\"Approved Organisations for Maintenance, Continuing Airworthiness and Production of Aircraft, Aeronautical Products, Parts and Appliances - Civil Aviation Authority of the Czech Republic\" \/>\n<meta property=\"og:description\" content=\"The list of Organisations approved according to: PART 21, Subpart G PART 145 PART M, Subpart G PART M, Subpart F\" \/>\n<meta property=\"og:url\" content=\"https:\/\/www.caa.gov.cz\/en\/aircraft\/approved-organisations-for-maintenance-continuing-airworthiness-and-production-of-aircraft-aeronautical-products-parts-and-appliances\/\" \/>\n<meta property=\"og:site_name\" content=\"Civil Aviation Authority of the Czech Republic\" \/>\n<meta property=\"article:modified_time\" content=\"2019-09-11T07:05:41+00:00\" \/>\n<meta name=\"twitter:card\" content=\"summary_large_image\" \/>\n<script type=\"application\/ld+json\" class=\"yoast-schema-graph\">{\"@context\":\"https:\\\/\\\/schema.org\",\"@graph\":[{\"@type\":\"WebPage\",\"@id\":\"https:\\\/\\\/www.caa.gov.cz\\\/en\\\/aircraft\\\/approved-organisations-for-maintenance-continuing-airworthiness-and-production-of-aircraft-aeronautical-products-parts-and-appliances\\\/\",\"url\":\"https:\\\/\\\/www.caa.gov.cz\\\/en\\\/aircraft\\\/approved-organisations-for-maintenance-continuing-airworthiness-and-production-of-aircraft-aeronautical-products-parts-and-appliances\\\/\",\"name\":\"Approved Organisations for Maintenance, Continuing Airworthiness and Production of Aircraft, Aeronautical Products, Parts and Appliances - Civil Aviation Authority of the Czech Republic\",\"isPartOf\":{\"@id\":\"https:\\\/\\\/www.caa.gov.cz\\\/#website\"},\"datePublished\":\"2019-07-17T22:02:11+00:00\",\"dateModified\":\"2019-09-11T07:05:41+00:00\",\"breadcrumb\":{\"@id\":\"https:\\\/\\\/www.caa.gov.cz\\\/en\\\/aircraft\\\/approved-organisations-for-maintenance-continuing-airworthiness-and-production-of-aircraft-aeronautical-products-parts-and-appliances\\\/#breadcrumb\"},\"inLanguage\":\"en-US\",\"potentialAction\":[{\"@type\":\"ReadAction\",\"target\":[\"https:\\\/\\\/www.caa.gov.cz\\\/en\\\/aircraft\\\/approved-organisations-for-maintenance-continuing-airworthiness-and-production-of-aircraft-aeronautical-products-parts-and-appliances\\\/\"]}]},{\"@type\":\"BreadcrumbList\",\"@id\":\"https:\\\/\\\/www.caa.gov.cz\\\/en\\\/aircraft\\\/approved-organisations-for-maintenance-continuing-airworthiness-and-production-of-aircraft-aeronautical-products-parts-and-appliances\\\/#breadcrumb\",\"itemListElement\":[{\"@type\":\"ListItem\",\"position\":1,\"name\":\"Dom\u016f\",\"item\":\"https:\\\/\\\/www.caa.gov.cz\\\/en\\\/\"},{\"@type\":\"ListItem\",\"position\":2,\"name\":\"Aircraft\",\"item\":\"https:\\\/\\\/www.caa.gov.cz\\\/en\\\/aircraft\\\/\"},{\"@type\":\"ListItem\",\"position\":3,\"name\":\"Approved Organisations for Maintenance, Continuing Airworthiness and Production of Aircraft, Aeronautical Products, Parts and Appliances\"}]},{\"@type\":\"WebSite\",\"@id\":\"https:\\\/\\\/www.caa.gov.cz\\\/#website\",\"url\":\"https:\\\/\\\/www.caa.gov.cz\\\/\",\"name\":\"Civil Aviation Authority of the Czech Republic\",\"description\":\"\",\"potentialAction\":[{\"@type\":\"SearchAction\",\"target\":{\"@type\":\"EntryPoint\",\"urlTemplate\":\"https:\\\/\\\/www.caa.gov.cz\\\/?s={search_term_string}\"},\"query-input\":{\"@type\":\"PropertyValueSpecification\",\"valueRequired\":true,\"valueName\":\"search_term_string\"}}],\"inLanguage\":\"en-US\"}]}<\/script>\n<!-- \/ Yoast SEO plugin. -->","yoast_head_json":{"title":"Approved Organisations for Maintenance, Continuing Airworthiness and Production of Aircraft, Aeronautical Products, Parts and Appliances - Civil Aviation Authority of the Czech Republic","robots":{"index":"index","follow":"follow","max-snippet":"max-snippet:-1","max-image-preview":"max-image-preview:large","max-video-preview":"max-video-preview:-1"},"canonical":"https:\/\/www.caa.gov.cz\/en\/aircraft\/approved-organisations-for-maintenance-continuing-airworthiness-and-production-of-aircraft-aeronautical-products-parts-and-appliances\/","og_locale":"en_US","og_type":"article","og_title":"Approved Organisations for Maintenance, Continuing Airworthiness and Production of Aircraft, Aeronautical Products, Parts and Appliances - Civil Aviation Authority of the Czech Republic","og_description":"The list of Organisations approved according to: PART 21, Subpart G PART 145 PART M, Subpart G PART M, Subpart F","og_url":"https:\/\/www.caa.gov.cz\/en\/aircraft\/approved-organisations-for-maintenance-continuing-airworthiness-and-production-of-aircraft-aeronautical-products-parts-and-appliances\/","og_site_name":"Civil Aviation Authority of the Czech Republic","article_modified_time":"2019-09-11T07:05:41+00:00","twitter_card":"summary_large_image","schema":{"@context":"https:\/\/schema.org","@graph":[{"@type":"WebPage","@id":"https:\/\/www.caa.gov.cz\/en\/aircraft\/approved-organisations-for-maintenance-continuing-airworthiness-and-production-of-aircraft-aeronautical-products-parts-and-appliances\/","url":"https:\/\/www.caa.gov.cz\/en\/aircraft\/approved-organisations-for-maintenance-continuing-airworthiness-and-production-of-aircraft-aeronautical-products-parts-and-appliances\/","name":"Approved Organisations for Maintenance, Continuing Airworthiness and Production of Aircraft, Aeronautical Products, Parts and Appliances - Civil Aviation Authority of the Czech Republic","isPartOf":{"@id":"https:\/\/www.caa.gov.cz\/#website"},"datePublished":"2019-07-17T22:02:11+00:00","dateModified":"2019-09-11T07:05:41+00:00","breadcrumb":{"@id":"https:\/\/www.caa.gov.cz\/en\/aircraft\/approved-organisations-for-maintenance-continuing-airworthiness-and-production-of-aircraft-aeronautical-products-parts-and-appliances\/#breadcrumb"},"inLanguage":"en-US","potentialAction":[{"@type":"ReadAction","target":["https:\/\/www.caa.gov.cz\/en\/aircraft\/approved-organisations-for-maintenance-continuing-airworthiness-and-production-of-aircraft-aeronautical-products-parts-and-appliances\/"]}]},{"@type":"BreadcrumbList","@id":"https:\/\/www.caa.gov.cz\/en\/aircraft\/approved-organisations-for-maintenance-continuing-airworthiness-and-production-of-aircraft-aeronautical-products-parts-and-appliances\/#breadcrumb","itemListElement":[{"@type":"ListItem","position":1,"name":"Dom\u016f","item":"https:\/\/www.caa.gov.cz\/en\/"},{"@type":"ListItem","position":2,"name":"Aircraft","item":"https:\/\/www.caa.gov.cz\/en\/aircraft\/"},{"@type":"ListItem","position":3,"name":"Approved Organisations for Maintenance, Continuing Airworthiness and Production of Aircraft, Aeronautical Products, Parts and Appliances"}]},{"@type":"WebSite","@id":"https:\/\/www.caa.gov.cz\/#website","url":"https:\/\/www.caa.gov.cz\/","name":"Civil Aviation Authority of the Czech Republic","description":"","potentialAction":[{"@type":"SearchAction","target":{"@type":"EntryPoint","urlTemplate":"https:\/\/www.caa.gov.cz\/?s={search_term_string}"},"query-input":{"@type":"PropertyValueSpecification","valueRequired":true,"valueName":"search_term_string"}}],"inLanguage":"en-US"}]}},"publishpress_future_action":{"enabled":false,"date":"2026-05-14 11:28:52","action":"change-status","newStatus":"draft","terms":[],"taxonomy":"translation_priority","extraData":[]},"publishpress_future_workflow_manual_trigger":{"enabledWorkflows":[]},"_links":{"self":[{"href":"https:\/\/www.caa.gov.cz\/en\/wp-json\/wp\/v2\/pages\/16271","targetHints":{"allow":["GET"]}}],"collection":[{"href":"https:\/\/www.caa.gov.cz\/en\/wp-json\/wp\/v2\/pages"}],"about":[{"href":"https:\/\/www.caa.gov.cz\/en\/wp-json\/wp\/v2\/types\/page"}],"author":[{"embeddable":true,"href":"https:\/\/www.caa.gov.cz\/en\/wp-json\/wp\/v2\/users\/19"}],"replies":[{"embeddable":true,"href":"https:\/\/www.caa.gov.cz\/en\/wp-json\/wp\/v2\/comments?post=16271"}],"version-history":[{"count":5,"href":"https:\/\/www.caa.gov.cz\/en\/wp-json\/wp\/v2\/pages\/16271\/revisions"}],"predecessor-version":[{"id":16473,"href":"https:\/\/www.caa.gov.cz\/en\/wp-json\/wp\/v2\/pages\/16271\/revisions\/16473"}],"up":[{"embeddable":true,"href":"https:\/\/www.caa.gov.cz\/en\/wp-json\/wp\/v2\/pages\/16275"}],"wp:attachment":[{"href":"https:\/\/www.caa.gov.cz\/en\/wp-json\/wp\/v2\/media?parent=16271"}],"curies":[{"name":"wp","href":"https:\/\/api.w.org\/{rel}","templated":true}]}}