{"id":16265,"date":"2019-07-17T23:59:51","date_gmt":"2019-07-17T21:59:51","guid":{"rendered":"https:\/\/www.caa.cz\/?page_id=16265"},"modified":"2025-01-27T15:47:11","modified_gmt":"2025-01-27T14:47:11","slug":"import-of-aeronautical-products-into-the-czech-republic","status":"publish","type":"page","link":"https:\/\/www.caa.gov.cz\/en\/aircraft\/import-of-aeronautical-products-into-the-czech-republic\/","title":{"rendered":"Import of Aeronautical Products into the Czech Republic"},"content":{"rendered":"\n<h2 class=\"wp-block-heading\">Transferred Aircraft <\/h2>\n\n\n\n<p><em>Aircraft for which type certificates have been issued or accepted by EASA<\/em><\/p>\n\n\n\n<p><a href=\"https:\/\/www.caa.gov.cz\/wp-content\/uploads\/2024\/04\/Issuing-of-airworthiness-documents-to-newly-registered-aircraft-1.pdf\" class=\"mtli_attachment mtli_pdf\" target=\"_blank\" rel=\"noreferrer noopener\">Issuing of airworthiness documents to newly registered aircraft<\/a><\/p>\n\n\n\n<p><a href=\"https:\/\/www.caa.gov.cz\/wp-content\/uploads\/2024\/03\/Requirements-for-import-from-EU-countries.pdf\" class=\"mtli_attachment mtli_pdf\" target=\"_blank\" rel=\"noreferrer noopener\">Requirements for issuing airworthiness documents for aircraft from EU countries<\/a><\/p>\n\n\n\n<p><a href=\"https:\/\/www.caa.gov.cz\/wp-content\/uploads\/2024\/03\/Requirements-for-import-from-NON-EU-countries.pdf\" class=\"mtli_attachment mtli_pdf\" target=\"_blank\" rel=\"noreferrer noopener\">Requirements for issuing airworthiness documents for aircraft from non EU countries<\/a><\/p>\n\n\n\n<hr class=\"wp-block-separator has-alpha-channel-opacity\" \/>\n\n\n\n<h2 class=\"wp-block-heading\">&#8220;Annex&#8221; Aircraft<\/h2>\n\n\n\n<p><em>Aircraft whose type certificates have not been transferred to the jurisdiction of EASA or aircraft defined in Annex I of Regulation (EU) No 2018\/1139 of the European Parliament and of the Council<\/em><\/p>\n\n\n\n<p>Information concerning the conditions for issuing documents of competency to a newly registered aircraft in the LR of the Czech Republic is provided in Advisory Circular <a href=\"https:\/\/www.caa.gov.cz\/wp-content\/uploads\/2019\/06\/PO-TI-L8-A-2-7-4-A.pdf?cb=cb640a3ee149f14d19d1ea4361e8914f\" target=\"_blank\" rel=\"noreferrer noopener\">PO\/TI-L8\/A.2.7.4.A<\/a>.<\/p>\n\n\n\n<p>The issuance of documents shall be carried out in accordance with these regulations:<\/p>\n\n\n\n<ul class=\"wp-block-list\">\n<li>Regulation L8\/A, as amended<\/li>\n\n\n\n<li>Relevant L8\/A Advisory Circulars<\/li>\n\n\n\n<li>Regulation (EC) No 2018\/1139 of the European Parliament and of the Council, as amended<\/li>\n\n\n\n<li>Act No 49\/1997 Coll., on Civil Aviation, and all implementing decrees to this Act, all as amended<\/li>\n<\/ul>\n\n\n\n<hr class=\"wp-block-separator has-alpha-channel-opacity\" \/>\n\n\n\n<p><strong>Contacts:<\/strong><\/p>\n\n\n\n<figure class=\"wp-block-table alignleft is-style-regular\"><div class=\"table-responsive\"><table><tbody><tr><td><strong>Name<br>Contact<\/strong><\/td><td><strong>Subject of Import<\/strong><\/td><\/tr><tr><td><strong>Ji\u0159\u00ed \u010euk<\/strong> <br>TRANSPORT AIRCRAFT SECTION<br><a href=\"mailto:jiri.duk@caa.gov.cz\">jiri.duk@caa.gov.cz<\/a><br><br><strong>Jaroslav Seyfried<\/strong><br>AIRCRAFT CONTINUOUS AIRWORTHINESS DEPARTMENT<br><a href=\"mailto:jaroslav.seyfried@caa.gov.cz\">jaroslav.seyfried@caa.gov.cz<\/a><\/td><td><strong>Aeroplanes with MTOM \u2265 5&nbsp;700 kg<br>Aeroplanes with MTOM \u2264 5 700 kg, equipped with two or more turboprop engines<br>Business Jets<br>Rotorcraft<\/strong><\/td><\/tr><tr><td><strong>Pavel Valenta<\/strong><br>SMALL AIRACRAFT SECTION<br><a href=\"mailto:pavel.valenta@caa.gov.cz\">pavel.valenta@caa.gov.cz<\/a><br><br><strong>Jaroslav Seyfried <\/strong><br>AIRCRAFT CONTINUOUS AIRWORTHINESS DEPARTMENT<br><a href=\"mailto:jaroslav.seyfried@caa.gov.cz\">jaroslav.seyfried@caa.gov.cz<\/a><\/td><td><strong>Aeroplanes with MTOM &lt; 5\u00a0700 kg, <strong>equipped with one turboprop engine<\/strong><br>Sailplanes<br>Powered Sailplanes<br>Balloons<\/strong><\/td><\/tr><\/tbody><\/table><\/div><\/figure>\n\n\n\n<p><\/p>\n","protected":false},"excerpt":{"rendered":"<p>Transferred Aircraft Aircraft for which type certificates have been issued or accepted by EASA Issuing of airworthiness documents to newly registered aircraft Requirements for issuing airworthiness documents for aircraft from EU countries Requirements for issuing airworthiness documents for aircraft from non EU countries &#8220;Annex&#8221; Aircraft Aircraft whose type certificates have not been transferred to the [&hellip;]<\/p>\n","protected":false},"author":19,"featured_media":0,"parent":16275,"menu_order":0,"comment_status":"closed","ping_status":"closed","template":"","meta":{"_acf_changed":false,"_oasis_is_in_workflow":0,"_oasis_original":0,"_oasis_task_priority":"","footnotes":""},"class_list":["post-16265","page","type-page","status-publish","hentry"],"acf":[],"yoast_head":"<!-- This site is optimized with the Yoast SEO plugin v27.5 - https:\/\/yoast.com\/product\/yoast-seo-wordpress\/ -->\n<title>Import of Aeronautical Products into the Czech Republic - Civil Aviation Authority of the Czech Republic<\/title>\n<meta name=\"robots\" content=\"index, follow, max-snippet:-1, max-image-preview:large, max-video-preview:-1\" \/>\n<link rel=\"canonical\" href=\"https:\/\/www.caa.gov.cz\/en\/aircraft\/import-of-aeronautical-products-into-the-czech-republic\/\" \/>\n<meta property=\"og:locale\" content=\"en_US\" \/>\n<meta property=\"og:type\" content=\"article\" \/>\n<meta property=\"og:title\" content=\"Import of Aeronautical Products into the Czech Republic - Civil Aviation Authority of the Czech Republic\" \/>\n<meta property=\"og:description\" content=\"Transferred Aircraft Aircraft for which type certificates have been issued or accepted by EASA Issuing of airworthiness documents to newly registered aircraft Requirements for issuing airworthiness documents for aircraft from EU countries Requirements for issuing airworthiness documents for aircraft from non EU countries &#8220;Annex&#8221; Aircraft Aircraft whose type certificates have not been transferred to the [&hellip;]\" \/>\n<meta property=\"og:url\" content=\"https:\/\/www.caa.gov.cz\/en\/aircraft\/import-of-aeronautical-products-into-the-czech-republic\/\" \/>\n<meta property=\"og:site_name\" content=\"Civil Aviation Authority of the Czech Republic\" \/>\n<meta property=\"article:modified_time\" content=\"2025-01-27T14:47:11+00:00\" \/>\n<meta name=\"twitter:card\" content=\"summary_large_image\" \/>\n<meta name=\"twitter:label1\" content=\"Est. reading time\" \/>\n\t<meta name=\"twitter:data1\" content=\"2 minutes\" \/>\n<script type=\"application\/ld+json\" class=\"yoast-schema-graph\">{\"@context\":\"https:\\\/\\\/schema.org\",\"@graph\":[{\"@type\":\"WebPage\",\"@id\":\"https:\\\/\\\/www.caa.gov.cz\\\/en\\\/aircraft\\\/import-of-aeronautical-products-into-the-czech-republic\\\/\",\"url\":\"https:\\\/\\\/www.caa.gov.cz\\\/en\\\/aircraft\\\/import-of-aeronautical-products-into-the-czech-republic\\\/\",\"name\":\"Import of Aeronautical Products into the Czech Republic - Civil Aviation Authority of the Czech Republic\",\"isPartOf\":{\"@id\":\"https:\\\/\\\/www.caa.gov.cz\\\/#website\"},\"datePublished\":\"2019-07-17T21:59:51+00:00\",\"dateModified\":\"2025-01-27T14:47:11+00:00\",\"breadcrumb\":{\"@id\":\"https:\\\/\\\/www.caa.gov.cz\\\/en\\\/aircraft\\\/import-of-aeronautical-products-into-the-czech-republic\\\/#breadcrumb\"},\"inLanguage\":\"en-US\",\"potentialAction\":[{\"@type\":\"ReadAction\",\"target\":[\"https:\\\/\\\/www.caa.gov.cz\\\/en\\\/aircraft\\\/import-of-aeronautical-products-into-the-czech-republic\\\/\"]}]},{\"@type\":\"BreadcrumbList\",\"@id\":\"https:\\\/\\\/www.caa.gov.cz\\\/en\\\/aircraft\\\/import-of-aeronautical-products-into-the-czech-republic\\\/#breadcrumb\",\"itemListElement\":[{\"@type\":\"ListItem\",\"position\":1,\"name\":\"Dom\u016f\",\"item\":\"https:\\\/\\\/www.caa.gov.cz\\\/en\\\/\"},{\"@type\":\"ListItem\",\"position\":2,\"name\":\"Aircraft\",\"item\":\"https:\\\/\\\/www.caa.gov.cz\\\/en\\\/aircraft\\\/\"},{\"@type\":\"ListItem\",\"position\":3,\"name\":\"Import of Aeronautical Products into the Czech Republic\"}]},{\"@type\":\"WebSite\",\"@id\":\"https:\\\/\\\/www.caa.gov.cz\\\/#website\",\"url\":\"https:\\\/\\\/www.caa.gov.cz\\\/\",\"name\":\"Civil Aviation Authority of the Czech Republic\",\"description\":\"\",\"potentialAction\":[{\"@type\":\"SearchAction\",\"target\":{\"@type\":\"EntryPoint\",\"urlTemplate\":\"https:\\\/\\\/www.caa.gov.cz\\\/?s={search_term_string}\"},\"query-input\":{\"@type\":\"PropertyValueSpecification\",\"valueRequired\":true,\"valueName\":\"search_term_string\"}}],\"inLanguage\":\"en-US\"}]}<\/script>\n<!-- \/ Yoast SEO plugin. -->","yoast_head_json":{"title":"Import of Aeronautical Products into the Czech Republic - Civil Aviation Authority of the Czech Republic","robots":{"index":"index","follow":"follow","max-snippet":"max-snippet:-1","max-image-preview":"max-image-preview:large","max-video-preview":"max-video-preview:-1"},"canonical":"https:\/\/www.caa.gov.cz\/en\/aircraft\/import-of-aeronautical-products-into-the-czech-republic\/","og_locale":"en_US","og_type":"article","og_title":"Import of Aeronautical Products into the Czech Republic - Civil Aviation Authority of the Czech Republic","og_description":"Transferred Aircraft Aircraft for which type certificates have been issued or accepted by EASA Issuing of airworthiness documents to newly registered aircraft Requirements for issuing airworthiness documents for aircraft from EU countries Requirements for issuing airworthiness documents for aircraft from non EU countries &#8220;Annex&#8221; Aircraft Aircraft whose type certificates have not been transferred to the [&hellip;]","og_url":"https:\/\/www.caa.gov.cz\/en\/aircraft\/import-of-aeronautical-products-into-the-czech-republic\/","og_site_name":"Civil Aviation Authority of the Czech Republic","article_modified_time":"2025-01-27T14:47:11+00:00","twitter_card":"summary_large_image","twitter_misc":{"Est. reading time":"2 minutes"},"schema":{"@context":"https:\/\/schema.org","@graph":[{"@type":"WebPage","@id":"https:\/\/www.caa.gov.cz\/en\/aircraft\/import-of-aeronautical-products-into-the-czech-republic\/","url":"https:\/\/www.caa.gov.cz\/en\/aircraft\/import-of-aeronautical-products-into-the-czech-republic\/","name":"Import of Aeronautical Products into the Czech Republic - Civil Aviation Authority of the Czech Republic","isPartOf":{"@id":"https:\/\/www.caa.gov.cz\/#website"},"datePublished":"2019-07-17T21:59:51+00:00","dateModified":"2025-01-27T14:47:11+00:00","breadcrumb":{"@id":"https:\/\/www.caa.gov.cz\/en\/aircraft\/import-of-aeronautical-products-into-the-czech-republic\/#breadcrumb"},"inLanguage":"en-US","potentialAction":[{"@type":"ReadAction","target":["https:\/\/www.caa.gov.cz\/en\/aircraft\/import-of-aeronautical-products-into-the-czech-republic\/"]}]},{"@type":"BreadcrumbList","@id":"https:\/\/www.caa.gov.cz\/en\/aircraft\/import-of-aeronautical-products-into-the-czech-republic\/#breadcrumb","itemListElement":[{"@type":"ListItem","position":1,"name":"Dom\u016f","item":"https:\/\/www.caa.gov.cz\/en\/"},{"@type":"ListItem","position":2,"name":"Aircraft","item":"https:\/\/www.caa.gov.cz\/en\/aircraft\/"},{"@type":"ListItem","position":3,"name":"Import of Aeronautical Products into the Czech Republic"}]},{"@type":"WebSite","@id":"https:\/\/www.caa.gov.cz\/#website","url":"https:\/\/www.caa.gov.cz\/","name":"Civil Aviation Authority of the Czech Republic","description":"","potentialAction":[{"@type":"SearchAction","target":{"@type":"EntryPoint","urlTemplate":"https:\/\/www.caa.gov.cz\/?s={search_term_string}"},"query-input":{"@type":"PropertyValueSpecification","valueRequired":true,"valueName":"search_term_string"}}],"inLanguage":"en-US"}]}},"publishpress_future_action":{"enabled":false,"date":"2026-05-14 11:28:27","action":"change-status","newStatus":"draft","terms":[],"taxonomy":"translation_priority","extraData":[]},"publishpress_future_workflow_manual_trigger":{"enabledWorkflows":[]},"_links":{"self":[{"href":"https:\/\/www.caa.gov.cz\/en\/wp-json\/wp\/v2\/pages\/16265","targetHints":{"allow":["GET"]}}],"collection":[{"href":"https:\/\/www.caa.gov.cz\/en\/wp-json\/wp\/v2\/pages"}],"about":[{"href":"https:\/\/www.caa.gov.cz\/en\/wp-json\/wp\/v2\/types\/page"}],"author":[{"embeddable":true,"href":"https:\/\/www.caa.gov.cz\/en\/wp-json\/wp\/v2\/users\/19"}],"replies":[{"embeddable":true,"href":"https:\/\/www.caa.gov.cz\/en\/wp-json\/wp\/v2\/comments?post=16265"}],"version-history":[{"count":10,"href":"https:\/\/www.caa.gov.cz\/en\/wp-json\/wp\/v2\/pages\/16265\/revisions"}],"predecessor-version":[{"id":46299,"href":"https:\/\/www.caa.gov.cz\/en\/wp-json\/wp\/v2\/pages\/16265\/revisions\/46299"}],"up":[{"embeddable":true,"href":"https:\/\/www.caa.gov.cz\/en\/wp-json\/wp\/v2\/pages\/16275"}],"wp:attachment":[{"href":"https:\/\/www.caa.gov.cz\/en\/wp-json\/wp\/v2\/media?parent=16265"}],"curies":[{"name":"wp","href":"https:\/\/api.w.org\/{rel}","templated":true}]}}