{"id":16251,"date":"2019-07-17T23:50:26","date_gmt":"2019-07-17T21:50:26","guid":{"rendered":"https:\/\/www.caa.cz\/?page_id=16251"},"modified":"2025-01-30T14:03:17","modified_gmt":"2025-01-30T13:03:17","slug":"training-organizations","status":"publish","type":"page","link":"https:\/\/www.caa.gov.cz\/en\/aviation-personnel\/training-organizations\/","title":{"rendered":"Training Organizations"},"content":{"rendered":"\n<p><strong>Flying training organizations<\/strong><br> <br> <a href=\"https:\/\/www.caa.gov.cz\/schvalene-organizace-pro-vycvik-ato\/\">ATO according to Part-ORA<\/a><\/p>\n\n\n\n<p><a href=\"https:\/\/www.caa.gov.cz\/wp-content\/uploads\/2026\/01\/FSTD-2026-01.pdf?cb=2764938def11715d31a4ad49d15d077e\" class=\"mtli_attachment mtli_pdf\"aria-label=\"File type: pdf, File size: 36339kB\"title=\"File type: pdf, File size: 36339kB\" rel=\"mtli_filesize36339kB\">FSTD according to EASA (Part-ORA)<\/a><br> <br> <br> <strong>Maintenance training organizations<\/strong><br> <br> <a href=\"https:\/\/www.caa.gov.cz\/en\/organizace-pro-vycvik-udrzby-podle-part-147\/\">Maintenance training organizations according to Part-147<\/a><br> <a aria-label=\" (otev\u0159e se na nov\u00e9 z\u00e1lo\u017ece)\" href=\"https:\/\/www.caa.gov.cz\/wp-content\/uploads\/2019\/07\/MTO_L1-2014_09-1.pdf\" class=\"mtli_attachment mtli_pdf\" target=\"_blank\" rel=\"noreferrer noopener\">Maintenance training organizations according to L-1<\/a><\/p>\n\n\n\n<h3 class=\"wp-block-heading\">Contact<\/h3>\n\n\n\n<p>For information in this area, please contact the competent manager.<\/p>\n\n\n\n<figure class=\"wp-block-table\"><div class=\"table-responsive\"><table><tbody><tr><th>Name<\/th><th>Telephone<\/th><th>E-mail<\/th><\/tr><tr><td>Ivana Kosmelov\u00e1<\/td><td>+420 225 421 853<\/td><td><a href=\"mailto:ivana.kosmelova@caa.gov.cz\">ivana.kosmelova@caa.gov.cz<\/a><\/td><\/tr><\/tbody><\/table><\/div><\/figure>\n\n\n\n<p><\/p>\n","protected":false},"excerpt":{"rendered":"<p>Flying training organizations ATO according to Part-ORA FSTD according to EASA (Part-ORA) Maintenance training organizations Maintenance training organizations according to Part-147 Maintenance training organizations according to L-1 Contact For information in this area, please contact the competent manager. Name Telephone E-mail Ivana Kosmelov\u00e1 +420 225 421 853 ivana.kosmelova@caa.gov.cz<\/p>\n","protected":false},"author":24,"featured_media":0,"parent":16255,"menu_order":0,"comment_status":"closed","ping_status":"closed","template":"","meta":{"_acf_changed":false,"_oasis_is_in_workflow":0,"_oasis_original":0,"_oasis_task_priority":"","footnotes":""},"class_list":["post-16251","page","type-page","status-publish","hentry"],"acf":[],"yoast_head":"<!-- This site is optimized with the Yoast SEO plugin v27.5 - https:\/\/yoast.com\/product\/yoast-seo-wordpress\/ -->\n<title>Training Organizations - Civil Aviation Authority of the Czech Republic<\/title>\n<meta name=\"robots\" content=\"index, follow, max-snippet:-1, max-image-preview:large, max-video-preview:-1\" \/>\n<link rel=\"canonical\" href=\"https:\/\/www.caa.gov.cz\/en\/aviation-personnel\/training-organizations\/\" \/>\n<meta property=\"og:locale\" content=\"en_US\" \/>\n<meta property=\"og:type\" content=\"article\" \/>\n<meta property=\"og:title\" content=\"Training Organizations - Civil Aviation Authority of the Czech Republic\" \/>\n<meta property=\"og:description\" content=\"Flying training organizations ATO according to Part-ORA FSTD according to EASA (Part-ORA) Maintenance training organizations Maintenance training organizations according to Part-147 Maintenance training organizations according to L-1 Contact For information in this area, please contact the competent manager. Name Telephone E-mail Ivana Kosmelov\u00e1 +420 225 421 853 ivana.kosmelova@caa.gov.cz\" \/>\n<meta property=\"og:url\" content=\"https:\/\/www.caa.gov.cz\/en\/aviation-personnel\/training-organizations\/\" \/>\n<meta property=\"og:site_name\" content=\"Civil Aviation Authority of the Czech Republic\" \/>\n<meta property=\"article:modified_time\" content=\"2025-01-30T13:03:17+00:00\" \/>\n<meta name=\"twitter:card\" content=\"summary_large_image\" \/>\n<meta name=\"twitter:label1\" content=\"Est. reading time\" \/>\n\t<meta name=\"twitter:data1\" content=\"1 minute\" \/>\n<script type=\"application\/ld+json\" class=\"yoast-schema-graph\">{\"@context\":\"https:\\\/\\\/schema.org\",\"@graph\":[{\"@type\":\"WebPage\",\"@id\":\"https:\\\/\\\/www.caa.gov.cz\\\/en\\\/aviation-personnel\\\/training-organizations\\\/\",\"url\":\"https:\\\/\\\/www.caa.gov.cz\\\/en\\\/aviation-personnel\\\/training-organizations\\\/\",\"name\":\"Training Organizations - Civil Aviation Authority of the Czech Republic\",\"isPartOf\":{\"@id\":\"https:\\\/\\\/www.caa.gov.cz\\\/#website\"},\"datePublished\":\"2019-07-17T21:50:26+00:00\",\"dateModified\":\"2025-01-30T13:03:17+00:00\",\"breadcrumb\":{\"@id\":\"https:\\\/\\\/www.caa.gov.cz\\\/en\\\/aviation-personnel\\\/training-organizations\\\/#breadcrumb\"},\"inLanguage\":\"en-US\",\"potentialAction\":[{\"@type\":\"ReadAction\",\"target\":[\"https:\\\/\\\/www.caa.gov.cz\\\/en\\\/aviation-personnel\\\/training-organizations\\\/\"]}]},{\"@type\":\"BreadcrumbList\",\"@id\":\"https:\\\/\\\/www.caa.gov.cz\\\/en\\\/aviation-personnel\\\/training-organizations\\\/#breadcrumb\",\"itemListElement\":[{\"@type\":\"ListItem\",\"position\":1,\"name\":\"Dom\u016f\",\"item\":\"https:\\\/\\\/www.caa.gov.cz\\\/en\\\/\"},{\"@type\":\"ListItem\",\"position\":2,\"name\":\"Aviation personnel\",\"item\":\"https:\\\/\\\/www.caa.gov.cz\\\/zpusobilost-leteckeho-personalu\\\/\"},{\"@type\":\"ListItem\",\"position\":3,\"name\":\"Training Organizations\"}]},{\"@type\":\"WebSite\",\"@id\":\"https:\\\/\\\/www.caa.gov.cz\\\/#website\",\"url\":\"https:\\\/\\\/www.caa.gov.cz\\\/\",\"name\":\"Civil Aviation Authority of the Czech Republic\",\"description\":\"\",\"potentialAction\":[{\"@type\":\"SearchAction\",\"target\":{\"@type\":\"EntryPoint\",\"urlTemplate\":\"https:\\\/\\\/www.caa.gov.cz\\\/?s={search_term_string}\"},\"query-input\":{\"@type\":\"PropertyValueSpecification\",\"valueRequired\":true,\"valueName\":\"search_term_string\"}}],\"inLanguage\":\"en-US\"}]}<\/script>\n<!-- \/ Yoast SEO plugin. -->","yoast_head_json":{"title":"Training Organizations - Civil Aviation Authority of the Czech Republic","robots":{"index":"index","follow":"follow","max-snippet":"max-snippet:-1","max-image-preview":"max-image-preview:large","max-video-preview":"max-video-preview:-1"},"canonical":"https:\/\/www.caa.gov.cz\/en\/aviation-personnel\/training-organizations\/","og_locale":"en_US","og_type":"article","og_title":"Training Organizations - Civil Aviation Authority of the Czech Republic","og_description":"Flying training organizations ATO according to Part-ORA FSTD according to EASA (Part-ORA) Maintenance training organizations Maintenance training organizations according to Part-147 Maintenance training organizations according to L-1 Contact For information in this area, please contact the competent manager. Name Telephone E-mail Ivana Kosmelov\u00e1 +420 225 421 853 ivana.kosmelova@caa.gov.cz","og_url":"https:\/\/www.caa.gov.cz\/en\/aviation-personnel\/training-organizations\/","og_site_name":"Civil Aviation Authority of the Czech Republic","article_modified_time":"2025-01-30T13:03:17+00:00","twitter_card":"summary_large_image","twitter_misc":{"Est. reading time":"1 minute"},"schema":{"@context":"https:\/\/schema.org","@graph":[{"@type":"WebPage","@id":"https:\/\/www.caa.gov.cz\/en\/aviation-personnel\/training-organizations\/","url":"https:\/\/www.caa.gov.cz\/en\/aviation-personnel\/training-organizations\/","name":"Training Organizations - Civil Aviation Authority of the Czech Republic","isPartOf":{"@id":"https:\/\/www.caa.gov.cz\/#website"},"datePublished":"2019-07-17T21:50:26+00:00","dateModified":"2025-01-30T13:03:17+00:00","breadcrumb":{"@id":"https:\/\/www.caa.gov.cz\/en\/aviation-personnel\/training-organizations\/#breadcrumb"},"inLanguage":"en-US","potentialAction":[{"@type":"ReadAction","target":["https:\/\/www.caa.gov.cz\/en\/aviation-personnel\/training-organizations\/"]}]},{"@type":"BreadcrumbList","@id":"https:\/\/www.caa.gov.cz\/en\/aviation-personnel\/training-organizations\/#breadcrumb","itemListElement":[{"@type":"ListItem","position":1,"name":"Dom\u016f","item":"https:\/\/www.caa.gov.cz\/en\/"},{"@type":"ListItem","position":2,"name":"Aviation personnel","item":"https:\/\/www.caa.gov.cz\/zpusobilost-leteckeho-personalu\/"},{"@type":"ListItem","position":3,"name":"Training Organizations"}]},{"@type":"WebSite","@id":"https:\/\/www.caa.gov.cz\/#website","url":"https:\/\/www.caa.gov.cz\/","name":"Civil Aviation Authority of the Czech Republic","description":"","potentialAction":[{"@type":"SearchAction","target":{"@type":"EntryPoint","urlTemplate":"https:\/\/www.caa.gov.cz\/?s={search_term_string}"},"query-input":{"@type":"PropertyValueSpecification","valueRequired":true,"valueName":"search_term_string"}}],"inLanguage":"en-US"}]}},"publishpress_future_action":{"enabled":false,"date":"2026-05-06 09:03:25","action":"change-status","newStatus":"draft","terms":[],"taxonomy":"translation_priority","extraData":[]},"publishpress_future_workflow_manual_trigger":{"enabledWorkflows":[]},"_links":{"self":[{"href":"https:\/\/www.caa.gov.cz\/en\/wp-json\/wp\/v2\/pages\/16251","targetHints":{"allow":["GET"]}}],"collection":[{"href":"https:\/\/www.caa.gov.cz\/en\/wp-json\/wp\/v2\/pages"}],"about":[{"href":"https:\/\/www.caa.gov.cz\/en\/wp-json\/wp\/v2\/types\/page"}],"author":[{"embeddable":true,"href":"https:\/\/www.caa.gov.cz\/en\/wp-json\/wp\/v2\/users\/24"}],"replies":[{"embeddable":true,"href":"https:\/\/www.caa.gov.cz\/en\/wp-json\/wp\/v2\/comments?post=16251"}],"version-history":[{"count":10,"href":"https:\/\/www.caa.gov.cz\/en\/wp-json\/wp\/v2\/pages\/16251\/revisions"}],"predecessor-version":[{"id":46395,"href":"https:\/\/www.caa.gov.cz\/en\/wp-json\/wp\/v2\/pages\/16251\/revisions\/46395"}],"up":[{"embeddable":true,"href":"https:\/\/www.caa.gov.cz\/en\/wp-json\/wp\/v2\/pages\/16255"}],"wp:attachment":[{"href":"https:\/\/www.caa.gov.cz\/en\/wp-json\/wp\/v2\/media?parent=16251"}],"curies":[{"name":"wp","href":"https:\/\/api.w.org\/{rel}","templated":true}]}}